{"id":954,"date":"2023-11-29T16:01:35","date_gmt":"2023-11-29T22:01:35","guid":{"rendered":"https:\/\/prclawton.com\/aviso-de-practicas-de-privacidad\/"},"modified":"2023-11-29T16:01:35","modified_gmt":"2023-11-29T22:01:35","slug":"aviso-de-practicas-de-privacidad","status":"publish","type":"page","link":"https:\/\/prclawton.com\/es\/aviso-de-practicas-de-privacidad\/","title":{"rendered":"Aviso de pr\u00e1cticas de privacidad"},"content":{"rendered":"<div>\n<p style=\"text-align: left;\" align=\"center\"><strong>Este aviso describe c\u00f3mo puede utilizarse y divulgarse tu informaci\u00f3n m\u00e9dica y c\u00f3mo puedes acceder a ella. Por favor, rev\u00edsalo detenidamente.<\/strong><\/p>\n<\/div>\n<div>\n<h2 style=\"text-align: left;\" align=\"center\"><strong>Tus derechos<\/strong><\/h2>\n<\/div>\n<div>\n<p>Tienes derecho a:<\/p>\n<\/div>\n<div>\n<ul>\n<li>Consigue una copia de tu historial m\u00e9dico en papel o electr\u00f3nico<\/li>\n<li>Corrige tu historial m\u00e9dico en papel o electr\u00f3nico<\/li>\n<li>Solicitar comunicaci\u00f3n confidencial<\/li>\n<li>Pedirnos que limitemos la informaci\u00f3n que compartimos<\/li>\n<li>Obtener una lista de las personas con las que hemos compartido tu informaci\u00f3n<\/li>\n<li>Consigue una copia de este aviso de privacidad<\/li>\n<li>Elige a alguien que act\u00fae por ti<\/li>\n<li>Presenta una queja si crees que se han violado tus derechos de privacidad<\/li>\n<\/ul>\n<\/div>\n<div>\n<h2 style=\"text-align: left;\" align=\"center\"><strong>Tus opciones<\/strong><\/h2>\n<\/div>\n<div>\n<p>Tienes algunas opciones en la forma en que utilizamos y compartimos la informaci\u00f3n, como nosotros:<\/p>\n<\/div>\n<div>\n<ul>\n<li>Informa a tu familia y amigos sobre tu enfermedad<\/li>\n<li>Proporcionar ayuda en caso de cat\u00e1strofe<\/li>\n<li>Proporcionar atenci\u00f3n de salud mental<\/li>\n<li>Comercializar nuestros servicios y vender tu informaci\u00f3n<\/li>\n<li>Recaudar fondos<\/li>\n<\/ul>\n<\/div>\n<div>\n<h2 style=\"text-align: left;\" align=\"center\"><strong>Nuestros usos y divulgaciones<\/strong><\/h2>\n<\/div>\n<div>\n<p>Podemos utilizar y compartir tu informaci\u00f3n como nosotros:<\/p>\n<\/div>\n<div>\n<ul>\n<li>Tratarte<\/li>\n<li>Dirigir nuestra organizaci\u00f3n<\/li>\n<li>Factura tus servicios<\/li>\n<li>Ayuda en cuestiones de salud p\u00fablica y seguridad<\/li>\n<li>Investiga<\/li>\n<li>Cumplir la ley<\/li>\n<li>Responder a las solicitudes de donaci\u00f3n de \u00f3rganos y tejidos<\/li>\n<li>Trabajar con un m\u00e9dico forense o director de funeraria<\/li>\n<li>Atender las solicitudes de indemnizaci\u00f3n de los trabajadores, de las fuerzas del orden y de otras administraciones p\u00fablicas<\/li>\n<li>Responder a demandas y acciones legales<\/li>\n<\/ul>\n<\/div>\n<div>\n<p align=\"center\"><strong><\/strong><\/p>\n<\/div>\n<div>\n<h2 style=\"text-align: left;\" align=\"center\"><strong>Tus derechos<\/strong><\/h2>\n<\/div>\n<div>\n<p><strong>Cuando se trata de tu informaci\u00f3n sanitaria, tienes ciertos derechos.<\/strong>  Esta secci\u00f3n explica tus derechos y algunas de nuestras responsabilidades para ayudarte.<\/p>\n<h3><strong>Consigue una copia electr\u00f3nica o en papel de tu historial m\u00e9dico.<\/strong><\/h3>\n<\/div>\n<div>\n<ul>\n<li>Puedes pedir ver u obtener una copia electr\u00f3nica o en papel de tu historial m\u00e9dico y dem\u00e1s informaci\u00f3n sanitaria que tengamos sobre ti. Preg\u00fantanos c\u00f3mo hacerlo.<\/li>\n<li>Te proporcionaremos una copia o un resumen de tu informaci\u00f3n sanitaria, normalmente en un plazo de 30 d\u00edas a partir de tu solicitud. Podemos cobrar una tarifa razonable basada en los costes.<\/li>\n<\/ul>\n<\/div>\n<div>\n<h3><strong>Pedirnos que corrijamos tu historial m\u00e9dico<\/strong><\/h3>\n<\/div>\n<div>\n<ul>\n<li>Puedes pedirnos que corrijamos la informaci\u00f3n sanitaria sobre ti que consideres incorrecta o incompleta. Preg\u00fantanos c\u00f3mo hacerlo.<\/li>\n<li>Podemos decir &#8220;no&#8221; a tu solicitud, pero te diremos por qu\u00e9 por escrito en un plazo de 60 d\u00edas.<\/li>\n<\/ul>\n<\/div>\n<div>\n<h3><strong>Solicitar comunicaciones confidenciales<\/strong><\/h3>\n<\/div>\n<div>\n<ul>\n<li>Puedes pedirnos que nos pongamos en contacto contigo de una forma espec\u00edfica (por ejemplo, tel\u00e9fono de casa o de la oficina) o que enviemos el correo a una direcci\u00f3n diferente.<\/li>\n<li>Diremos &#8220;s\u00ed&#8221; a todas las peticiones razonables.<\/li>\n<\/ul>\n<\/div>\n<div>\n<h3><strong>P\u00eddenos que limitemos lo que utilizamos o compartimos<\/strong><\/h3>\n<\/div>\n<div>\n<ul>\n<li>Puedes pedirnos que no utilicemos ni compartamos determinada informaci\u00f3n sanitaria para el tratamiento, el pago o nuestras operaciones. No estamos obligados a acceder a tu solicitud, y podemos decir &#8220;no&#8221; si ello pudiera afectar a tu asistencia.<\/li>\n<li>Si pagas de tu bolsillo la totalidad de un servicio o art\u00edculo sanitario, puedes pedirnos que no compartamos esa informaci\u00f3n con tu proveedor de servicios sanitarios a efectos de pago o de nuestras operaciones. Diremos &#8220;s\u00ed&#8221; a menos que una ley nos obligue a compartir esa informaci\u00f3n.<\/li>\n<\/ul>\n<\/div>\n<div>\n<h3><strong>Obtener una lista de las personas con las que hemos compartido informaci\u00f3n<\/strong><\/h3>\n<\/div>\n<div>\n<ul>\n<li>Puedes pedir una lista (contabilidad) de las veces que hemos compartido tu informaci\u00f3n sanitaria durante los seis a\u00f1os anteriores a la fecha en que lo pides, con qui\u00e9n la hemos compartido y por qu\u00e9.<\/li>\n<li>Incluiremos todas las divulgaciones excepto las relativas al tratamiento, pago y operaciones sanitarias, y algunas otras divulgaciones (como cualquiera que nos hayas pedido que hagamos). Te proporcionaremos una contabilidad al a\u00f1o gratis, pero te cobraremos una tarifa razonable, basada en el coste, si solicitas otra en el plazo de 12 meses.<\/li>\n<li>Consigue una copia de este aviso de privacidad.<\/li>\n<li>Puedes solicitar una copia en papel de este aviso en cualquier momento, aunque hayas aceptado recibirlo electr\u00f3nicamente. Te proporcionaremos r\u00e1pidamente una copia en papel.<\/li>\n<\/ul>\n<\/div>\n<div>\n<h3><strong>Elige a alguien que act\u00fae por ti<\/strong><\/h3>\n<\/div>\n<div>\n<ul>\n<li>Si has otorgado a alguien un poder m\u00e9dico o si alguien es tu tutor legal, esa persona puede ejercer tus derechos y tomar decisiones sobre tu informaci\u00f3n sanitaria.<\/li>\n<li>Nos aseguraremos de que la persona tiene esta autoridad y puede actuar en tu nombre antes de emprender cualquier acci\u00f3n.<\/li>\n<\/ul>\n<\/div>\n<div>\n<h3><strong>Presenta una denuncia si crees que se vulneran tus derechos<\/strong><\/h3>\n<\/div>\n<div>\n<ul>\n<li>Puedes reclamar si crees que hemos vulnerado tus derechos poni\u00e9ndote en contacto con nosotros.<\/li>\n<li>Puedes presentar una queja ante la Oficina de Derechos Civiles del Departamento de Salud y Servicios Humanos de EE.UU. enviando una carta a 200 Independence Avenue, S.W., Washington D.C. 20201, o llamando al 1-877-696-6775, o visitando <a href=\"https:\/\/www.hhs.gov\/hipaa\/filing-a-complaint\/what-to-expect\/index.html\" data-wpel-link=\"external\" target=\"_blank\" rel=\"nofollow external noopener noreferrer\">www.hhs.gov\/ocr\/privacy\/hipaa\/complaints\/<\/a>.<\/li>\n<li>No tomaremos represalias contra ti por presentar una queja.<\/li>\n<\/ul>\n<\/div>\n<div>\n<h2 style=\"text-align: left;\" align=\"center\"><strong>Tus opciones<\/strong><strong style=\"color: #333333; font-family: Raleway, sans-serif; font-size: 16px;\"><\/strong><\/h2>\n<\/div>\n<div>\n<p><strong>Para determinada informaci\u00f3n sanitaria, puedes indicarnos tus opciones sobre lo que compartimos.<\/strong>  Si tienes una preferencia clara sobre c\u00f3mo compartimos tu informaci\u00f3n en la situaci\u00f3n descrita a continuaci\u00f3n, habla con nosotros. Dinos lo que quieres que hagamos y seguiremos tus instrucciones.<\/p>\n<\/div>\n<div>\n<p>En estos casos, tienes tanto el derecho como la opci\u00f3n de dec\u00edrnoslo:<\/p>\n<\/div>\n<div>\n<ul>\n<li>Compartir informaci\u00f3n con tu familia, amigos \u00edntimos u otras personas implicadas en tu cuidado<\/li>\n<li>Compartir informaci\u00f3n en caso de cat\u00e1strofe<\/li>\n<li>Incluir tus datos en el directorio de un hospital<\/li>\n<\/ul>\n<\/div>\n<div>\n<p><em>Si no puedes decirnos tu preferencia, por ejemplo, si est\u00e1s inconsciente, podemos compartir tu informaci\u00f3n si creemos que es lo mejor para ti. Tambi\u00e9n podemos compartir tu informaci\u00f3n cuando sea necesario para disminuir una amenaza grave e inminente para la salud y la seguridad.<\/em><\/p>\n<\/div>\n<div>\n<p>En estos casos, nunca compartimos tu informaci\u00f3n a menos que nos des permiso por escrito:<\/p>\n<\/div>\n<div>\n<ul>\n<li>Fines comerciales<\/li>\n<li>Venta de tu informaci\u00f3n<\/li>\n<li>La mayor\u00eda de los intercambios de notas de psicoterapia<\/li>\n<\/ul>\n<\/div>\n<div>\n<p>En el caso de la recaudaci\u00f3n de fondos:<\/p>\n<\/div>\n<div>\n<ul>\n<li>Podemos ponernos en contacto contigo para recaudar fondos, pero puedes decirnos que no volvamos a ponernos en contacto contigo.<\/li>\n<\/ul>\n<\/div>\n<div>\n<h2 style=\"text-align: left;\" align=\"center\"><strong>Nuestros usos y divulgaciones<\/strong><\/h2>\n<\/div>\n<div>\n<p><em>\u00bfC\u00f3mo solemos utilizar o compartir tu informaci\u00f3n sanitaria?<\/em><\/p>\n<\/div>\n<div>\n<p>Utilizamos o compartimos tu informaci\u00f3n sanitaria de las siguientes maneras:<\/p>\n<\/div>\n<div>\n<h3><strong>Tratarte<\/strong><\/h3>\n<\/div>\n<div>\n<p>Utilizamos tu informaci\u00f3n sanitaria y la compartimos con otros profesionales que te tratan.<\/p>\n<\/div>\n<div>\n<p><em>Ejemplo: Un m\u00e9dico que te trata por una lesi\u00f3n pregunta a otro m\u00e9dico sobre tu estado general de salud.<\/em><\/p>\n<\/div>\n<div>\n<h3><strong>Dirigir nuestra organizaci\u00f3n<\/strong><\/h3>\n<\/div>\n<div>\n<p>Utilizamos y compartimos tu informaci\u00f3n sanitaria para dirigir nuestra consulta, mejorar tu asistencia y ponernos en contacto contigo cuando sea necesario.<\/p>\n<\/div>\n<div>\n<p><em>Por ejemplo: Utilizamos informaci\u00f3n sanitaria sobre ti para gestionar tu tratamiento y servicios.<\/em><\/p>\n<\/div>\n<div>\n<h3><em><strong>Factura tus servicios<\/strong><\/em><\/h3>\n<\/div>\n<div>\n<p>Podemos utilizar y compartir tu informaci\u00f3n sanitaria para facturar y obtener pagos de planes sanitarios u otras entidades.<\/p>\n<\/div>\n<div>\n<p><em>Por ejemplo: Facilitamos informaci\u00f3n sobre ti a tu seguro m\u00e9dico para que pague tus servicios.<\/em><\/p>\n<\/div>\n<div>\n<h2><em><em><br \/>\n  <b>\u00bfDe qu\u00e9 otra forma podemos utilizar o compartir tu informaci\u00f3n sanitaria?<\/b><br \/>\n<\/em><\/em><\/h2>\n<\/div>\n<div>\n<p><strong>Se nos permite o exige que compartamos tu informaci\u00f3n de otras formas, normalmente de forma que contribuya al bien p\u00fablico, como la salud p\u00fablica y la investigaci\u00f3n. Tenemos que cumplir muchas condiciones legales antes de poder compartir tu informaci\u00f3n con estos fines. Para m\u00e1s informaci\u00f3n, consulta<\/strong> <a href=\"https:\/\/www.hhs.gov\/hipaa\/for-professionals\/privacy\/laws-regulations\/index.html\" data-wpel-link=\"external\" target=\"_blank\" rel=\"nofollow external noopener noreferrer\">www.hhs.gov\/ocr\/privacy\/hipaa\/understanding\/consumers\/index.html.<\/a><\/p>\n<\/div>\n<div>\n<h3><strong><strong>Ayuda en cuestiones de salud p\u00fablica y seguridad<\/strong><\/strong><\/h3>\n<\/div>\n<div>\n<p>Podemos compartir informaci\u00f3n sanitaria sobre ti en determinadas situaciones, como:<\/p>\n<\/div>\n<div>\n<ul>\n<li>Prevenir enfermedades<\/li>\n<li>Ayudar en la retirada de productos<\/li>\n<li>Notificaci\u00f3n de reacciones adversas a los medicamentos<\/li>\n<li>Informar de sospechas de malos tratos, abandono o violencia dom\u00e9stica<\/li>\n<li>Prevenir o reducir una amenaza grave para la salud o la seguridad de cualquier persona<\/li>\n<\/ul>\n<\/div>\n<div>\n<h3><strong>Investiga<\/strong><\/h3>\n<\/div>\n<div>\n<p>Podemos utilizar o compartir tu informaci\u00f3n para la investigaci\u00f3n sanitaria.<\/p>\n<\/div>\n<div>\n<h3><strong><strong>Cumplir la ley<\/strong><\/strong><\/h3>\n<\/div>\n<div>\n<p>Compartiremos informaci\u00f3n sobre ti si las leyes estatales o federales lo exigen, incluso con el Departamento de Salud y Servicios Humanos si quiere comprobar que cumplimos la ley federal de privacidad.<\/p>\n<\/div>\n<div>\n<h3><strong>Responder a las solicitudes de donaci\u00f3n de \u00f3rganos y tejidos<\/strong><\/h3>\n<\/div>\n<div>\n<p>Podemos compartir informaci\u00f3n sanitaria sobre ti con organizaciones de obtenci\u00f3n de \u00f3rganos.<\/p>\n<\/div>\n<div>\n<h3><strong>Trabajar con un m\u00e9dico forense o director de funeraria<\/strong><\/h3>\n<\/div>\n<div>\n<p>Podemos compartir informaci\u00f3n sanitaria con un forense, un m\u00e9dico forense o un director de funeraria cuando fallece una persona.<\/p>\n<\/div>\n<div>\n<h3><strong>Atender las solicitudes de indemnizaci\u00f3n de los trabajadores, de las fuerzas del orden y de otras administraciones p\u00fablicas<\/strong><\/h3>\n<\/div>\n<div>\n<p>Podemos utilizar o compartir informaci\u00f3n sanitaria sobre ti:<\/p>\n<\/div>\n<div>\n<ul>\n<li>Para reclamaciones de indemnizaci\u00f3n por accidente laboral<\/li>\n<li>Con fines policiales o con un funcionario encargado de hacer cumplir la ley<\/li>\n<li>Con los organismos de control sanitario para las actividades autorizadas por la ley<\/li>\n<li>Para funciones gubernamentales especiales como los servicios militares, de seguridad nacional y de protecci\u00f3n presidencial<\/li>\n<\/ul>\n<\/div>\n<div>\n<h3><strong>Responder a demandas y acciones legales<\/strong><\/h3>\n<\/div>\n<div>\n<p>Podemos compartir informaci\u00f3n sanitaria sobre ti en respuesta a una orden judicial o administrativa, o en respuesta a una citaci\u00f3n judicial.<\/p>\n<\/div>\n<div>\n<h2><strong>Nuestras responsabilidades:<\/strong><\/h2>\n<\/div>\n<div>\n<ul>\n<li><strong>La ley nos obliga a mantener la privacidad y seguridad de tus datos sanitarios protegidos.<\/strong><\/li>\n<li><strong>Te informaremos con prontitud si se produce una violaci\u00f3n que pueda haber comprometido la privacidad o seguridad de tu informaci\u00f3n.<\/strong><\/li>\n<li><strong>Debemos cumplir las obligaciones y pr\u00e1cticas de privacidad descritas en este aviso y entregarte una copia del mismo.<\/strong><\/li>\n<li><strong>No utilizaremos ni compartiremos tus datos de forma distinta a la aqu\u00ed descrita, a menos que nos lo indiques por escrito. Si nos dices que podemos, puedes cambiar de opini\u00f3n en cualquier momento. Av\u00edsanos por escrito si cambias de opini\u00f3n.<\/strong><\/li>\n<\/ul>\n<\/div>\n<div>\n<h2><strong>Para m\u00e1s informaci\u00f3n:<\/strong><\/h2>\n<\/div>\n<div>\n<p><a href=\"https:\/\/www.hhs.gov\/hipaa\/for-professionals\/privacy\/laws-regulations\/index.html\" data-wpel-link=\"external\" target=\"_blank\" rel=\"nofollow external noopener noreferrer\">www.hhs.gov\/ocr\/privacy\/hipaa\/understanding\/consumers\/noticepp.html.<\/a><\/p>\n<\/div>\n<div>\n<h2><strong>Cambios en los t\u00e9rminos de este Aviso<\/strong><\/h2>\n<\/div>\n<div>\n<p>Podemos cambiar los t\u00e9rminos de este aviso, y los cambios se aplicar\u00e1n a toda la informaci\u00f3n que tengamos sobre ti. El nuevo aviso estar\u00e1 disponible previa solicitud, en nuestra oficina y en nuestro sitio web.<\/p>\n<\/div>\n","protected":false},"excerpt":{"rendered":"<p>Este aviso describe c\u00f3mo puede utilizarse y divulgarse tu informaci\u00f3n m\u00e9dica y c\u00f3mo puedes acceder a ella. Por favor, rev\u00edsalo &hellip; <a href=\"https:\/\/prclawton.com\/es\/aviso-de-practicas-de-privacidad\/\" data-wpel-link=\"internal\" target=\"_self\" rel=\"follow noopener noreferrer\">Continued<\/a><\/p>\n","protected":false},"author":9,"featured_media":0,"parent":0,"menu_order":0,"comment_status":"closed","ping_status":"closed","template":"","meta":{"_acf_changed":false,"footnotes":""},"folder":[],"class_list":["post-954","page","type-page","status-publish","hentry"],"acf":[],"yoast_head":"<!-- This site is optimized with the Yoast SEO plugin v27.5 - https:\/\/yoast.com\/product\/yoast-seo-wordpress\/ -->\n<title>Aviso de pr\u00e1cticas de privacidad - PRC of Southwest, OK<\/title>\n<meta name=\"description\" content=\"Read more about Aviso de pr\u00e1cticas de privacidad in this page. PRC of Southwest, OK offers free pregnancy services in Lawton, OK.\" \/>\n<meta name=\"robots\" content=\"index, follow, max-snippet:-1, max-image-preview:large, max-video-preview:-1\" \/>\n<link rel=\"canonical\" href=\"https:\/\/prclawton.com\/es\/aviso-de-practicas-de-privacidad\/\" \/>\n<meta property=\"og:locale\" content=\"es_ES\" \/>\n<meta property=\"og:type\" content=\"article\" \/>\n<meta property=\"og:title\" content=\"Aviso de pr\u00e1cticas de privacidad - PRC of Southwest, OK\" \/>\n<meta property=\"og:description\" content=\"Read more about Aviso de pr\u00e1cticas de privacidad in this page. PRC of Southwest, OK offers free pregnancy services in Lawton, OK.\" \/>\n<meta property=\"og:url\" content=\"https:\/\/prclawton.com\/es\/aviso-de-practicas-de-privacidad\/\" \/>\n<meta property=\"og:site_name\" content=\"PRC of Southwest, OK\" \/>\n<meta name=\"twitter:card\" content=\"summary_large_image\" \/>\n<meta name=\"twitter:label1\" content=\"Tiempo de lectura\" \/>\n\t<meta name=\"twitter:data1\" content=\"8 minutos\" \/>\n<!-- \/ Yoast SEO plugin. -->","yoast_head_json":{"title":"Aviso de pr\u00e1cticas de privacidad - PRC of Southwest, OK","description":"Read more about Aviso de pr\u00e1cticas de privacidad in this page. PRC of Southwest, OK offers free pregnancy services in Lawton, OK.","robots":{"index":"index","follow":"follow","max-snippet":"max-snippet:-1","max-image-preview":"max-image-preview:large","max-video-preview":"max-video-preview:-1"},"canonical":"https:\/\/prclawton.com\/es\/aviso-de-practicas-de-privacidad\/","og_locale":"es_ES","og_type":"article","og_title":"Aviso de pr\u00e1cticas de privacidad - PRC of Southwest, OK","og_description":"Read more about Aviso de pr\u00e1cticas de privacidad in this page. PRC of Southwest, OK offers free pregnancy services in Lawton, OK.","og_url":"https:\/\/prclawton.com\/es\/aviso-de-practicas-de-privacidad\/","og_site_name":"PRC of Southwest, OK","twitter_card":"summary_large_image","twitter_misc":{"Tiempo de lectura":"8 minutos"},"schema":{"@context":"https:\/\/schema.org","@graph":[{"@type":"WebPage","@id":"https:\/\/prclawton.com\/es\/aviso-de-practicas-de-privacidad\/","url":"https:\/\/prclawton.com\/es\/aviso-de-practicas-de-privacidad\/","name":"Aviso de pr\u00e1cticas de privacidad - PRC of Southwest, OK","isPartOf":{"@id":"https:\/\/prclawton.com\/es\/#website"},"datePublished":"2023-11-29T22:01:35+00:00","description":"Read more about Aviso de pr\u00e1cticas de privacidad in this page. PRC of Southwest, OK offers free pregnancy services in Lawton, OK.","breadcrumb":{"@id":"https:\/\/prclawton.com\/es\/aviso-de-practicas-de-privacidad\/#breadcrumb"},"inLanguage":"es","potentialAction":[{"@type":"ReadAction","target":["https:\/\/prclawton.com\/es\/aviso-de-practicas-de-privacidad\/"]}]},{"@type":"BreadcrumbList","@id":"https:\/\/prclawton.com\/es\/aviso-de-practicas-de-privacidad\/#breadcrumb","itemListElement":[{"@type":"ListItem","position":1,"name":"Home","item":"https:\/\/prclawton.com\/es\/"},{"@type":"ListItem","position":2,"name":"Aviso de pr\u00e1cticas de privacidad"}]},{"@type":"WebSite","@id":"https:\/\/prclawton.com\/es\/#website","url":"https:\/\/prclawton.com\/es\/","name":"PRC of Southwest, OK","description":"","potentialAction":[{"@type":"SearchAction","target":{"@type":"EntryPoint","urlTemplate":"https:\/\/prclawton.com\/es\/?s={search_term_string}"},"query-input":{"@type":"PropertyValueSpecification","valueRequired":true,"valueName":"search_term_string"}}],"inLanguage":"es"}]}},"_links":{"self":[{"href":"https:\/\/prclawton.com\/es\/wp-json\/wp\/v2\/pages\/954","targetHints":{"allow":["GET"]}}],"collection":[{"href":"https:\/\/prclawton.com\/es\/wp-json\/wp\/v2\/pages"}],"about":[{"href":"https:\/\/prclawton.com\/es\/wp-json\/wp\/v2\/types\/page"}],"author":[{"embeddable":true,"href":"https:\/\/prclawton.com\/es\/wp-json\/wp\/v2\/users\/9"}],"replies":[{"embeddable":true,"href":"https:\/\/prclawton.com\/es\/wp-json\/wp\/v2\/comments?post=954"}],"version-history":[{"count":0,"href":"https:\/\/prclawton.com\/es\/wp-json\/wp\/v2\/pages\/954\/revisions"}],"wp:attachment":[{"href":"https:\/\/prclawton.com\/es\/wp-json\/wp\/v2\/media?parent=954"}],"wp:term":[{"taxonomy":"folder","embeddable":true,"href":"https:\/\/prclawton.com\/es\/wp-json\/wp\/v2\/folder?post=954"}],"curies":[{"name":"wp","href":"https:\/\/api.w.org\/{rel}","templated":true}]}}