{"id":953,"date":"2017-07-07T20:00:23","date_gmt":"2017-07-08T01:00:23","guid":{"rendered":"https:\/\/prclawton.com\/opciones\/adopcion\/"},"modified":"2024-09-03T14:43:39","modified_gmt":"2024-09-03T19:43:39","slug":"adopcion","status":"publish","type":"page","link":"https:\/\/prclawton.com\/es\/opciones\/adopcion\/","title":{"rendered":"Adopci\u00f3n"},"content":{"rendered":"<h2>\u00bfQu\u00e9 sabes sobre la adopci\u00f3n?<\/h2>\n<p>  La adopci\u00f3n est\u00e1 rodeada de ideas falsas y mitos. La mayor\u00eda de la gente no es consciente del proceso de adopci\u00f3n y de las opciones que puedes elegir. Elegir la adopci\u00f3n es dif\u00edcil, valiente y desinteresado. Queremos disipar algunos de esos mitos.  <\/p>\n<h3>Mito n\u00ba 1 Tu hijo es criado por extra\u00f1os<\/h3>\n<p>  Nada m\u00e1s lejos de la realidad. Los planes de adopci\u00f3n actuales permiten a la madre gestante o biol\u00f3gica elegir la familia adoptiva potencial y el futuro que desea para su hijo. Al trabajar con una agencia de adopci\u00f3n de confianza, las mujeres pueden revisar las biograf\u00edas de varias parejas y seleccionar la perfecta.  <\/p>\n<h3>Mito n\u00ba 2 Nunca volver\u00e1s a ver a tu hijo<\/h3>\n<p>  La mayor\u00eda de las adopciones actuales son abiertas. Con este plan de adopci\u00f3n, puedes conocer a la posible pareja adoptiva incluso antes de dar a luz. Pod\u00e9is poneros en contacto y entablar una nueva relaci\u00f3n intercambiando informaci\u00f3n identificativa.  <\/p>\n<h3>Mito n\u00ba 3 Los ni\u00f1os adoptados odian a sus madres biol\u00f3gicas<\/h3>\n<p>  Una de las muchas ventajas de la adopci\u00f3n abierta es la oportunidad que tienen las madres biol\u00f3gicas de explicar a su hijo por qu\u00e9 eligieron la adopci\u00f3n. Les proporciona una conexi\u00f3n con su patrimonio y un sentimiento de pertenencia. Ning\u00fan padre puede garantizar que su hijo le quiera, pero con la franqueza y la honestidad llega la aceptaci\u00f3n.  <\/p>\n<h3>Mito n\u00ba 4 Las madres biol\u00f3gicas lloran para siempre<\/h3>\n<p>  De hecho, la adopci\u00f3n no es una elecci\u00f3n f\u00e1cil. El dolor forma parte del proceso, pero las mujeres encuentran la paz sabiendo que su hijo es querido, amado, seguro y apreciado. Es esencial encontrar una agencia de adopci\u00f3n que te ponga en primer lugar, proporcion\u00e1ndote asesoramiento durante todo el proceso y m\u00e1s all\u00e1.  <\/p>\n<h2>Tipos de adopci\u00f3n<\/h2>\n<p>  Hay tres planes de adopci\u00f3n. La cantidad de contacto que deseas con tu hijo y su familia adoptiva determina tu plan.  <\/p>\n<h3>Adopci\u00f3n abierta<\/h3>\n<p>  Intercambias informaci\u00f3n identificativa como nombres completos, direcciones y n\u00fameros de tel\u00e9fono. Ya que eliges a la pareja adoptiva, aseg\u00farate de que est\u00e1 abierta a comunicarse contigo al nivel deseado.  <\/p>\n<h3>Adopci\u00f3n semiabierta<\/h3>\n<p>  Tienes contacto con tu hijo y su familia adoptiva, pero un tercero, como tu agencia de adopci\u00f3n o tu abogado, se encarga de toda la comunicaci\u00f3n. Tu identidad permanece privada, pero tienes la seguridad de que tu hijo es querido.  <\/p>\n<h3>Adopci\u00f3n cerrada<\/h3>\n<p>  Si deseas permanecer completamente en el anonimato, elige un plan de adopci\u00f3n cerrado. El coordinador de adopciones que elijas selecciona a la familia adoptiva, y t\u00fa no tienes ning\u00fan contacto. Los tribunales sellan la partida de nacimiento original, lo que te da total privacidad.  <\/p>\n<h2>Inicio del proceso de adopci\u00f3n<\/h2>\n<p>  Empieza por hablar con nosotros sobre tu situaci\u00f3n para ver si la adopci\u00f3n es el camino adecuado para ti. Podemos remitirte a agencias de adopci\u00f3n acreditadas para que te informes sobre esta opci\u00f3n. En muchos casos, las agencias pueden cubrir los gastos relacionados con el embarazo dentro de lo razonable. Programa hoy mismo tu <a href=\"https:\/\/prclawton.com\/contact-us\/\" target=\"_blank\" rel=\"noopener nofollow external noreferrer\" data-wpel-link=\"external\">cita<\/a> gratuita y confidencial. <em>No estamos relacionados con ninguna agencia de adopci\u00f3n y nunca nos beneficiamos de tu decisi\u00f3n.<\/em><\/p>\n","protected":false},"excerpt":{"rendered":"<p>\u00bfQu\u00e9 sabes sobre la adopci\u00f3n? La adopci\u00f3n est\u00e1 rodeada de ideas falsas y mitos. La mayor\u00eda de la gente no &hellip; <a href=\"https:\/\/prclawton.com\/es\/opciones\/adopcion\/\" data-wpel-link=\"internal\" target=\"_self\" rel=\"follow noopener noreferrer\">Continued<\/a><\/p>\n","protected":false},"author":1,"featured_media":0,"parent":926,"menu_order":2,"comment_status":"closed","ping_status":"closed","template":"","meta":{"_acf_changed":false,"footnotes":""},"folder":[],"class_list":["post-953","page","type-page","status-publish","hentry"],"acf":[],"yoast_head":"<!-- This site is optimized with the Yoast SEO plugin v27.4 - https:\/\/yoast.com\/product\/yoast-seo-wordpress\/ -->\n<title>Adopci\u00f3n en Lawton, - PRC of Southwest, OK<\/title>\n<meta name=\"description\" content=\"Read more about Adopci\u00f3n in this page. PRC of Southwest, OK offers free pregnancy services in Lawton, OK.\" \/>\n<meta name=\"robots\" content=\"index, follow, max-snippet:-1, max-image-preview:large, max-video-preview:-1\" \/>\n<link rel=\"canonical\" href=\"https:\/\/prclawton.com\/es\/opciones\/adopcion\/\" \/>\n<meta property=\"og:locale\" content=\"es_ES\" \/>\n<meta property=\"og:type\" content=\"article\" \/>\n<meta property=\"og:title\" content=\"Adopci\u00f3n en Lawton, - PRC of Southwest, OK\" \/>\n<meta property=\"og:description\" content=\"Read more about Adopci\u00f3n in this page. PRC of Southwest, OK offers free pregnancy services in Lawton, OK.\" \/>\n<meta property=\"og:url\" content=\"https:\/\/prclawton.com\/es\/opciones\/adopcion\/\" \/>\n<meta property=\"og:site_name\" content=\"PRC of Southwest, OK\" \/>\n<meta property=\"article:modified_time\" content=\"2024-09-03T19:43:39+00:00\" \/>\n<meta name=\"twitter:card\" content=\"summary_large_image\" \/>\n<meta name=\"twitter:label1\" content=\"Est. reading time\" \/>\n\t<meta name=\"twitter:data1\" content=\"3 minutos\" \/>\n<!-- \/ Yoast SEO plugin. -->","yoast_head_json":{"title":"Adopci\u00f3n en Lawton, - PRC of Southwest, OK","description":"Read more about Adopci\u00f3n in this page. PRC of Southwest, OK offers free pregnancy services in Lawton, OK.","robots":{"index":"index","follow":"follow","max-snippet":"max-snippet:-1","max-image-preview":"max-image-preview:large","max-video-preview":"max-video-preview:-1"},"canonical":"https:\/\/prclawton.com\/es\/opciones\/adopcion\/","og_locale":"es_ES","og_type":"article","og_title":"Adopci\u00f3n en Lawton, - PRC of Southwest, OK","og_description":"Read more about Adopci\u00f3n in this page. PRC of Southwest, OK offers free pregnancy services in Lawton, OK.","og_url":"https:\/\/prclawton.com\/es\/opciones\/adopcion\/","og_site_name":"PRC of Southwest, OK","article_modified_time":"2024-09-03T19:43:39+00:00","twitter_card":"summary_large_image","twitter_misc":{"Est. reading time":"3 minutos"},"schema":{"@context":"https:\/\/schema.org","@graph":[{"@type":"WebPage","@id":"https:\/\/prclawton.com\/es\/opciones\/adopcion\/","url":"https:\/\/prclawton.com\/es\/opciones\/adopcion\/","name":"Adopci\u00f3n en Lawton, - PRC of Southwest, OK","isPartOf":{"@id":"https:\/\/prclawton.com\/es\/#website"},"datePublished":"2017-07-08T01:00:23+00:00","dateModified":"2024-09-03T19:43:39+00:00","description":"Read more about Adopci\u00f3n in this page. PRC of Southwest, OK offers free pregnancy services in Lawton, OK.","breadcrumb":{"@id":"https:\/\/prclawton.com\/es\/opciones\/adopcion\/#breadcrumb"},"inLanguage":"es","potentialAction":[{"@type":"ReadAction","target":["https:\/\/prclawton.com\/es\/opciones\/adopcion\/"]}]},{"@type":"BreadcrumbList","@id":"https:\/\/prclawton.com\/es\/opciones\/adopcion\/#breadcrumb","itemListElement":[{"@type":"ListItem","position":1,"name":"Home","item":"https:\/\/prclawton.com\/es\/"},{"@type":"ListItem","position":2,"name":"Opciones","item":"https:\/\/prclawton.com\/es\/opciones\/"},{"@type":"ListItem","position":3,"name":"Adopci\u00f3n"}]},{"@type":"WebSite","@id":"https:\/\/prclawton.com\/es\/#website","url":"https:\/\/prclawton.com\/es\/","name":"PRC of Southwest, OK","description":"","potentialAction":[{"@type":"SearchAction","target":{"@type":"EntryPoint","urlTemplate":"https:\/\/prclawton.com\/es\/?s={search_term_string}"},"query-input":{"@type":"PropertyValueSpecification","valueRequired":true,"valueName":"search_term_string"}}],"inLanguage":"es"}]}},"_links":{"self":[{"href":"https:\/\/prclawton.com\/es\/wp-json\/wp\/v2\/pages\/953","targetHints":{"allow":["GET"]}}],"collection":[{"href":"https:\/\/prclawton.com\/es\/wp-json\/wp\/v2\/pages"}],"about":[{"href":"https:\/\/prclawton.com\/es\/wp-json\/wp\/v2\/types\/page"}],"author":[{"embeddable":true,"href":"https:\/\/prclawton.com\/es\/wp-json\/wp\/v2\/users\/1"}],"replies":[{"embeddable":true,"href":"https:\/\/prclawton.com\/es\/wp-json\/wp\/v2\/comments?post=953"}],"version-history":[{"count":1,"href":"https:\/\/prclawton.com\/es\/wp-json\/wp\/v2\/pages\/953\/revisions"}],"predecessor-version":[{"id":1065,"href":"https:\/\/prclawton.com\/es\/wp-json\/wp\/v2\/pages\/953\/revisions\/1065"}],"up":[{"embeddable":true,"href":"https:\/\/prclawton.com\/es\/wp-json\/wp\/v2\/pages\/926"}],"wp:attachment":[{"href":"https:\/\/prclawton.com\/es\/wp-json\/wp\/v2\/media?parent=953"}],"wp:term":[{"taxonomy":"folder","embeddable":true,"href":"https:\/\/prclawton.com\/es\/wp-json\/wp\/v2\/folder?post=953"}],"curies":[{"name":"wp","href":"https:\/\/api.w.org\/{rel}","templated":true}]}}