{"id":950,"date":"2023-11-29T15:50:03","date_gmt":"2023-11-29T21:50:03","guid":{"rendered":"https:\/\/prclawton.com\/condiciones-del-portal-del-cliente\/"},"modified":"2023-11-29T15:50:03","modified_gmt":"2023-11-29T21:50:03","slug":"condiciones-del-portal-del-cliente","status":"publish","type":"page","link":"https:\/\/prclawton.com\/es\/condiciones-del-portal-del-cliente\/","title":{"rendered":"Condiciones del Portal del Cliente"},"content":{"rendered":"<p style=\"font-weight: 400;\"><strong>PRC del Suroeste de Oklahoma<\/strong><br \/>\nCondiciones del portal<br \/>\n(\u00daltima actualizaci\u00f3n: diciembre de 2023)<\/p>\n<p style=\"font-weight: 400;\">Por favor, lee los t\u00e9rminos y condiciones (T\u00e9rminos y Condiciones) completa y cuidadosamente antes de utilizar la Aplicaci\u00f3n Portal (Portal). Estos T\u00e9rminos y Condiciones est\u00e1n sujetos a cambios sin previo aviso por escrito en cualquier momento, a discreci\u00f3n exclusiva de Pregnancy Center. Estos T\u00e9rminos y Condiciones describen nuestras pr\u00e1cticas en relaci\u00f3n con el Portal y nuestra sensibilidad hacia tu derecho a la privacidad. Nos reservamos el derecho y la discreci\u00f3n de revocar el acceso en cualquier momento y por cualquier motivo.<\/p>\n<h2 style=\"font-weight: 400;\"><strong>TU REGISTRO EN EL PORTAL<\/strong><\/h2>\n<p style=\"font-weight: 400;\">El Centro de Embarazo se complace en ofrecerte un Portal. Es un servicio en l\u00ednea que te permite acceder c\u00f3modamente a partes de tu historial m\u00e9dico. Tambi\u00e9n ofrece un m\u00e9todo seguro de comunicaci\u00f3n en l\u00ednea con nuestro equipo del Centro de Embarazo para actividades como el intercambio seguro de im\u00e1genes y documentos, la programaci\u00f3n directa de citas y la mensajer\u00eda en l\u00ednea segura.<\/p>\n<p style=\"font-weight: 400;\">La posibilidad de iniciar sesi\u00f3n y acceder al Portal requiere m\u00faltiples capas de Informaci\u00f3n personal verificable como autenticaci\u00f3n, as\u00ed como la confirmaci\u00f3n de un c\u00f3digo de seguridad \u00fanico de seis d\u00edgitos recibido por texto que proporciona una capa adicional de seguridad.<\/p>\n<h2 style=\"font-weight: 400;\"><strong>RESPUESTA A LA MENSAJER\u00cdA SEGURA<\/strong><\/h2>\n<p style=\"font-weight: 400;\">Haremos todo lo posible por responder puntualmente a las consultas electr\u00f3nicas. En algunos casos, el personal puede no estar disponible inmediatamente para responder.<\/p>\n<p style=\"font-weight: 400;\">Las situaciones de emergencia que requieran atenci\u00f3n inmediata no deben presentarse por v\u00eda electr\u00f3nica. Para cualquier asunto m\u00e9dico urgente, ponte en contacto por tel\u00e9fono con la consulta de tu m\u00e9dico, acude a urgencias o llama al 911.<\/p>\n<h2 style=\"font-weight: 400;\"><strong>SEGURIDAD Y CONFIDENCIALIDAD<\/strong><\/h2>\n<p style=\"font-weight: 400;\">Como usuario del Portal, tu funci\u00f3n es mantener la seguridad de tu informaci\u00f3n m\u00e9dica:<\/p>\n<ul style=\"font-weight: 400;\">\n<li>Mantener la confidencialidad de tus credenciales de acceso (nunca las compartas con nadie).<\/li>\n<li>Mantener seguro tu dispositivo m\u00f3vil personal.<\/li>\n<\/ul>\n<p style=\"font-weight: 400;\">Por la presente, asumes toda la responsabilidad por el uso que hagas del Portal y toda la responsabilidad por las acciones que se produzcan por el acceso y uso del Portal por parte del usuario final. Aceptas que el Centro de Embarazo quedar\u00e1 exento de toda responsabilidad por cualquier da\u00f1o o reclamaci\u00f3n que puedas tener en relaci\u00f3n con tu acceso y uso del Portal, incluyendo (pero sin limitarse a) el acceso no autorizado y la divulgaci\u00f3n y uso de informaci\u00f3n. Aceptas que tu \u00fanico y exclusivo recurso en caso de tales da\u00f1os o reclamaciones es dejar de utilizar el Portal.<\/p>\n<p style=\"font-weight: 400;\">Otorgamos el mismo grado de confidencialidad a la informaci\u00f3n m\u00e9dica almacenada en tu Portal que el que se otorga a la informaci\u00f3n m\u00e9dica almacenada por Pregnancy Center en cualquier otro medio. Nos comprometemos a proteger la confidencialidad de tu informaci\u00f3n m\u00e9dica. Limitamos el acceso y la capacidad de los miembros del equipo para introducir o ver informaci\u00f3n en funci\u00f3n de su funci\u00f3n en tu asistencia. Adem\u00e1s, se utilizan cortafuegos, contrase\u00f1as, encriptaci\u00f3n y registros de auditor\u00eda para salvaguardar tu informaci\u00f3n.<\/p>\n<h2 style=\"font-weight: 400;\"><strong>CONDICIONES DE USO<\/strong><\/h2>\n<ul style=\"font-weight: 400;\">\n<li>Utilizar\u00e1s el Portal de forma l\u00edcita y respetuosa. No debes utilizar el Portal para acosar, amenazar, difamar o infringir los derechos de cualquier otra persona o entidad.<\/li>\n<li>No utilizar\u00e1s el Portal para transmitir o almacenar ning\u00fan contenido que sea ilegal, da\u00f1ino, ofensivo o inapropiado seg\u00fan determine el Centro de Embarazo a su entera discreci\u00f3n. No utilizar\u00e1s el Portal para enviar mensajes no solicitados o no autorizados, anuncios u otras solicitudes.<\/li>\n<li>No intentar\u00e1s acceder, modificar o interferir en el Portal o sus datos de ninguna forma no autorizada. No utilizar\u00e1s ning\u00fan software o dispositivo que pueda comprometer la seguridad o funcionalidad del Portal.<\/li>\n<li>Reconoces que el Portal se proporciona &#8220;tal cual&#8221; y &#8220;seg\u00fan disponibilidad&#8221;, sin garant\u00edas de ning\u00fan tipo. El Centro de Embarazo no garantiza que el Portal est\u00e9 libre de errores, sea ininterrumpido o compatible con tu dispositivo o red. El Centro de Embarazo no garantiza que el Portal cumpla tus expectativas o requisitos.<\/li>\n<li>Reconoces que el Portal puede contener informaci\u00f3n sensible y confidencial sobre tu salud y condici\u00f3n m\u00e9dica. Aceptas utilizar el Portal bajo tu propio riesgo y discreci\u00f3n. Aceptas cumplir todas las leyes y normativas aplicables en materia de privacidad y seguridad de tu informaci\u00f3n personal.<\/li>\n<li>Reconoces que Pregnancy Center puede recopilar, utilizar y divulgar tu informaci\u00f3n personal de acuerdo con su pol\u00edtica de privacidad. Al utilizar el Portal, aceptas la pol\u00edtica de privacidad del Centro de Embarazo.<\/li>\n<li>Reconoces que Pregnancy Center puede modificar, suspender o finalizar el Portal o cambiar estos T\u00e9rminos y Condiciones en cualquier momento y sin previo aviso. Tu uso continuado del Portal despu\u00e9s de dichos cambios constituye tu aceptaci\u00f3n de los nuevos T\u00e9rminos y Condiciones.<\/li>\n<li>Reconoces que estos T\u00e9rminos y Condiciones constituyen el acuerdo completo entre t\u00fa y el Centro de Embarazo en relaci\u00f3n con tu uso del Portal. Si alguna disposici\u00f3n de estos T\u00e9rminos y Condiciones se considera inv\u00e1lida o inaplicable, las disposiciones restantes permanecer\u00e1n en pleno vigor y efecto.<\/li>\n<\/ul>\n<h2 style=\"font-weight: 400;\"><strong>USO DEL PORTAL<\/strong><\/h2>\n<p style=\"font-weight: 400;\">Al acceder y utilizar el Portal, reconoces que aceptas estas Condiciones Generales y confirmas que las has le\u00eddo, entendido y aceptas quedar vinculado por ellas.<\/p>\n","protected":false},"excerpt":{"rendered":"<p>PRC del Suroeste de Oklahoma Condiciones del portal (\u00daltima actualizaci\u00f3n: diciembre de 2023) Por favor, lee los t\u00e9rminos y condiciones &hellip; <a href=\"https:\/\/prclawton.com\/es\/condiciones-del-portal-del-cliente\/\" data-wpel-link=\"internal\" target=\"_self\" rel=\"follow noopener noreferrer\">Continued<\/a><\/p>\n","protected":false},"author":9,"featured_media":0,"parent":0,"menu_order":0,"comment_status":"closed","ping_status":"closed","template":"","meta":{"_acf_changed":false,"footnotes":""},"folder":[],"class_list":["post-950","page","type-page","status-publish","hentry"],"acf":[],"yoast_head":"<!-- This site is optimized with the Yoast SEO plugin v27.4 - https:\/\/yoast.com\/product\/yoast-seo-wordpress\/ -->\n<title>Condiciones del Portal del Cliente - PRC of Southwest, OK<\/title>\n<meta name=\"description\" content=\"Read more about Condiciones del Portal del Cliente in this page. PRC of Southwest, OK offers free pregnancy services in Lawton, OK.\" \/>\n<meta name=\"robots\" content=\"index, follow, max-snippet:-1, max-image-preview:large, max-video-preview:-1\" \/>\n<link rel=\"canonical\" href=\"https:\/\/prclawton.com\/es\/condiciones-del-portal-del-cliente\/\" \/>\n<meta property=\"og:locale\" content=\"es_ES\" \/>\n<meta property=\"og:type\" content=\"article\" \/>\n<meta property=\"og:title\" content=\"Condiciones del Portal del Cliente - PRC of Southwest, OK\" \/>\n<meta property=\"og:description\" content=\"Read more about Condiciones del Portal del Cliente in this page. PRC of Southwest, OK offers free pregnancy services in Lawton, OK.\" \/>\n<meta property=\"og:url\" content=\"https:\/\/prclawton.com\/es\/condiciones-del-portal-del-cliente\/\" \/>\n<meta property=\"og:site_name\" content=\"PRC of Southwest, OK\" \/>\n<meta name=\"twitter:card\" content=\"summary_large_image\" \/>\n<meta name=\"twitter:label1\" content=\"Est. reading time\" \/>\n\t<meta name=\"twitter:data1\" content=\"5 minutos\" \/>\n<!-- \/ Yoast SEO plugin. -->","yoast_head_json":{"title":"Condiciones del Portal del Cliente - PRC of Southwest, OK","description":"Read more about Condiciones del Portal del Cliente in this page. PRC of Southwest, OK offers free pregnancy services in Lawton, OK.","robots":{"index":"index","follow":"follow","max-snippet":"max-snippet:-1","max-image-preview":"max-image-preview:large","max-video-preview":"max-video-preview:-1"},"canonical":"https:\/\/prclawton.com\/es\/condiciones-del-portal-del-cliente\/","og_locale":"es_ES","og_type":"article","og_title":"Condiciones del Portal del Cliente - PRC of Southwest, OK","og_description":"Read more about Condiciones del Portal del Cliente in this page. PRC of Southwest, OK offers free pregnancy services in Lawton, OK.","og_url":"https:\/\/prclawton.com\/es\/condiciones-del-portal-del-cliente\/","og_site_name":"PRC of Southwest, OK","twitter_card":"summary_large_image","twitter_misc":{"Est. reading time":"5 minutos"},"schema":{"@context":"https:\/\/schema.org","@graph":[{"@type":"WebPage","@id":"https:\/\/prclawton.com\/es\/condiciones-del-portal-del-cliente\/","url":"https:\/\/prclawton.com\/es\/condiciones-del-portal-del-cliente\/","name":"Condiciones del Portal del Cliente - PRC of Southwest, OK","isPartOf":{"@id":"https:\/\/prclawton.com\/es\/#website"},"datePublished":"2023-11-29T21:50:03+00:00","description":"Read more about Condiciones del Portal del Cliente in this page. PRC of Southwest, OK offers free pregnancy services in Lawton, OK.","breadcrumb":{"@id":"https:\/\/prclawton.com\/es\/condiciones-del-portal-del-cliente\/#breadcrumb"},"inLanguage":"es","potentialAction":[{"@type":"ReadAction","target":["https:\/\/prclawton.com\/es\/condiciones-del-portal-del-cliente\/"]}]},{"@type":"BreadcrumbList","@id":"https:\/\/prclawton.com\/es\/condiciones-del-portal-del-cliente\/#breadcrumb","itemListElement":[{"@type":"ListItem","position":1,"name":"Home","item":"https:\/\/prclawton.com\/es\/"},{"@type":"ListItem","position":2,"name":"Condiciones del Portal del Cliente"}]},{"@type":"WebSite","@id":"https:\/\/prclawton.com\/es\/#website","url":"https:\/\/prclawton.com\/es\/","name":"PRC of Southwest, OK","description":"","potentialAction":[{"@type":"SearchAction","target":{"@type":"EntryPoint","urlTemplate":"https:\/\/prclawton.com\/es\/?s={search_term_string}"},"query-input":{"@type":"PropertyValueSpecification","valueRequired":true,"valueName":"search_term_string"}}],"inLanguage":"es"}]}},"_links":{"self":[{"href":"https:\/\/prclawton.com\/es\/wp-json\/wp\/v2\/pages\/950","targetHints":{"allow":["GET"]}}],"collection":[{"href":"https:\/\/prclawton.com\/es\/wp-json\/wp\/v2\/pages"}],"about":[{"href":"https:\/\/prclawton.com\/es\/wp-json\/wp\/v2\/types\/page"}],"author":[{"embeddable":true,"href":"https:\/\/prclawton.com\/es\/wp-json\/wp\/v2\/users\/9"}],"replies":[{"embeddable":true,"href":"https:\/\/prclawton.com\/es\/wp-json\/wp\/v2\/comments?post=950"}],"version-history":[{"count":0,"href":"https:\/\/prclawton.com\/es\/wp-json\/wp\/v2\/pages\/950\/revisions"}],"wp:attachment":[{"href":"https:\/\/prclawton.com\/es\/wp-json\/wp\/v2\/media?parent=950"}],"wp:term":[{"taxonomy":"folder","embeddable":true,"href":"https:\/\/prclawton.com\/es\/wp-json\/wp\/v2\/folder?post=950"}],"curies":[{"name":"wp","href":"https:\/\/api.w.org\/{rel}","templated":true}]}}