{"id":948,"date":"2023-03-17T04:16:15","date_gmt":"2023-03-17T09:16:15","guid":{"rendered":"https:\/\/prclawton.com\/servicios\/ecografias-limitadas\/"},"modified":"2024-09-04T05:46:31","modified_gmt":"2024-09-04T10:46:31","slug":"ecografias-limitadas","status":"publish","type":"page","link":"https:\/\/prclawton.com\/es\/servicios\/ecografias-limitadas\/","title":{"rendered":"Ecograf\u00edas limitadas"},"content":{"rendered":"<h2>Tu siguiente paso<\/h2>\n<p>  Se podr\u00eda pensar que una falta y un test de embarazo positivo es todo lo que necesitas para tomar una decisi\u00f3n sobre tu embarazo, pero no es as\u00ed. Hay m\u00e1s cosas que saber, sobre todo si est\u00e1s pensando en abortar. Podemos recomendarte una ecograf\u00eda obst\u00e9trica limitada gratuita. Una ecograf\u00eda puede darte informaci\u00f3n sanitaria fundamental.  <\/p>\n<h2>\u00bfQu\u00e9 son los ultrasonidos?<\/h2>\n<p>  Una ecograf\u00eda utiliza ondas sonoras de alta frecuencia para crear una imagen del interior de tu \u00fatero. Nuestras ecograf\u00edas las realiza una enfermera diplomada que primero coloca un gel en tu abdomen. Se frota un dispositivo llamado transductor sobre el gel. El transductor capta los ecos de las ondas sonoras del interior de tu est\u00f3mago, que se transforman en im\u00e1genes.  <\/p>\n<h2>\u00bfPor qu\u00e9 necesito una ecograf\u00eda?<\/h2>\n<p>  La ecograf\u00eda responde a tres preguntas fundamentales. Obtener las respuestas a estas preguntas puede ayudarte a tomar decisiones sobre tu embarazo.  <\/p>\n<h3>1. \u00bfEs viable el embarazo?<\/h3>\n<p>  Un embarazo viable crece con un latido detectable. El Colegio Americano de Obstetras y Ginec\u00f3logos<a href=\"https:\/\/www.ncbi.nlm.nih.gov\/books\/NBK532992\/\" target=\"_blank\" rel=\"noopener nofollow external noreferrer\" data-wpel-link=\"external\">(ACOG<\/a>) calcula que hasta un 26% de todos los embarazos acaban en aborto espont\u00e1neo. Puedes obtener un resultado falso positivo en la prueba de embarazo durante e inmediatamente despu\u00e9s de un aborto espont\u00e1neo. Un aborto incompleto tambi\u00e9n puede dar lugar a un falso positivo. Una ecograf\u00eda revela la viabilidad del embarazo.  <\/p>\n<h3>2. \u00bfDe cu\u00e1nto est\u00e1 tu embarazo?<\/h3>\n<p>  No conf\u00edes en que tu aplicaci\u00f3n de seguimiento de la menstruaci\u00f3n te d\u00e9 las fechas exactas. Un <a href=\"https:\/\/www.cedars-sinai.org\/blog\/fertility-and-ovulation-apps.html\" target=\"_blank\" rel=\"noopener nofollow external noreferrer\" data-wpel-link=\"external\">estudio<\/a> descubri\u00f3 que &#8220;la precisi\u00f3n de la predicci\u00f3n de las apps del ciclo menstrual no superaba el 21%&#8221;. La ecograf\u00eda es una forma m\u00e1s precisa de determinar el n\u00famero de semanas de embarazo. \u00bfPor qu\u00e9 es importante? Si est\u00e1s pensando en abortar, el n\u00famero de semanas de embarazo determina el m\u00e9todo utilizado.  <\/p>\n<h3>3. \u00bfD\u00f3nde se encuentra el embarazo?<\/h3>\n<p>  Aunque es raro, algunos embarazos no se implantan en el \u00fatero. Este tipo de embarazo es ect\u00f3pico y puede ser extremadamente peligroso, incluso mortal. Una prueba de embarazo positiva no te dir\u00e1 si tu embarazo es ect\u00f3pico o est\u00e1 en el \u00fatero; s\u00f3lo puede hacerlo una ecograf\u00eda. Habla con nosotros para programar una ecograf\u00eda in situ. S\u00f3lo utilizamos la ecograf\u00eda para confirmar la presencia de un embarazo uterino viable. No utilizamos la ecograf\u00eda para determinar el sexo o diagnosticar anomal\u00edas. Se aplican los criterios de elegibilidad.<\/p>\n","protected":false},"excerpt":{"rendered":"<p>Una prueba de embarazo positiva no lo revela todo. Hazte una ecograf\u00eda limitada gratuita para determinar si tu embarazo es viable o si has abortado, de cu\u00e1nto est\u00e1s y su localizaci\u00f3n. Estamos aqu\u00ed para ti, para que no te enfrentes a esto sola.  <\/p>\n","protected":false},"author":5,"featured_media":0,"parent":939,"menu_order":2,"comment_status":"closed","ping_status":"closed","template":"","meta":{"_acf_changed":false,"footnotes":""},"folder":[],"class_list":["post-948","page","type-page","status-publish","hentry"],"acf":[],"yoast_head":"<!-- This site is optimized with the Yoast SEO plugin v27.4 - https:\/\/yoast.com\/product\/yoast-seo-wordpress\/ -->\n<title>Ecograf\u00edas limitadas en Lawton, OK - PRC of Southwest, OK<\/title>\n<meta name=\"description\" content=\"Read more about Ecograf\u00edas limitadas in this page. PRC of Southwest, OK offers free pregnancy services in Lawton, OK.\" \/>\n<meta name=\"robots\" content=\"index, follow, max-snippet:-1, max-image-preview:large, max-video-preview:-1\" \/>\n<link rel=\"canonical\" href=\"https:\/\/prclawton.com\/es\/servicios\/ecografias-limitadas\/\" \/>\n<meta property=\"og:locale\" content=\"es_ES\" \/>\n<meta property=\"og:type\" content=\"article\" \/>\n<meta property=\"og:title\" content=\"Ecograf\u00edas limitadas en Lawton, OK - PRC of Southwest, OK\" \/>\n<meta property=\"og:description\" content=\"Read more about Ecograf\u00edas limitadas in this page. PRC of Southwest, OK offers free pregnancy services in Lawton, OK.\" \/>\n<meta property=\"og:url\" content=\"https:\/\/prclawton.com\/es\/servicios\/ecografias-limitadas\/\" \/>\n<meta property=\"og:site_name\" content=\"PRC of Southwest, OK\" \/>\n<meta property=\"article:modified_time\" content=\"2024-09-04T10:46:31+00:00\" \/>\n<meta name=\"twitter:card\" content=\"summary_large_image\" \/>\n<meta name=\"twitter:label1\" content=\"Est. reading time\" \/>\n\t<meta name=\"twitter:data1\" content=\"2 minutos\" \/>\n<!-- \/ Yoast SEO plugin. -->","yoast_head_json":{"title":"Ecograf\u00edas limitadas en Lawton, OK - PRC of Southwest, OK","description":"Read more about Ecograf\u00edas limitadas in this page. PRC of Southwest, OK offers free pregnancy services in Lawton, OK.","robots":{"index":"index","follow":"follow","max-snippet":"max-snippet:-1","max-image-preview":"max-image-preview:large","max-video-preview":"max-video-preview:-1"},"canonical":"https:\/\/prclawton.com\/es\/servicios\/ecografias-limitadas\/","og_locale":"es_ES","og_type":"article","og_title":"Ecograf\u00edas limitadas en Lawton, OK - PRC of Southwest, OK","og_description":"Read more about Ecograf\u00edas limitadas in this page. PRC of Southwest, OK offers free pregnancy services in Lawton, OK.","og_url":"https:\/\/prclawton.com\/es\/servicios\/ecografias-limitadas\/","og_site_name":"PRC of Southwest, OK","article_modified_time":"2024-09-04T10:46:31+00:00","twitter_card":"summary_large_image","twitter_misc":{"Est. reading time":"2 minutos"},"schema":{"@context":"https:\/\/schema.org","@graph":[{"@type":"WebPage","@id":"https:\/\/prclawton.com\/es\/servicios\/ecografias-limitadas\/","url":"https:\/\/prclawton.com\/es\/servicios\/ecografias-limitadas\/","name":"Ecograf\u00edas limitadas en Lawton, OK - PRC of Southwest, OK","isPartOf":{"@id":"https:\/\/prclawton.com\/es\/#website"},"datePublished":"2023-03-17T09:16:15+00:00","dateModified":"2024-09-04T10:46:31+00:00","description":"Read more about Ecograf\u00edas limitadas in this page. PRC of Southwest, OK offers free pregnancy services in Lawton, OK.","breadcrumb":{"@id":"https:\/\/prclawton.com\/es\/servicios\/ecografias-limitadas\/#breadcrumb"},"inLanguage":"es","potentialAction":[{"@type":"ReadAction","target":["https:\/\/prclawton.com\/es\/servicios\/ecografias-limitadas\/"]}]},{"@type":"BreadcrumbList","@id":"https:\/\/prclawton.com\/es\/servicios\/ecografias-limitadas\/#breadcrumb","itemListElement":[{"@type":"ListItem","position":1,"name":"Home","item":"https:\/\/prclawton.com\/es\/"},{"@type":"ListItem","position":2,"name":"Servicios","item":"https:\/\/prclawton.com\/es\/servicios\/"},{"@type":"ListItem","position":3,"name":"Ecograf\u00edas limitadas"}]},{"@type":"WebSite","@id":"https:\/\/prclawton.com\/es\/#website","url":"https:\/\/prclawton.com\/es\/","name":"PRC of Southwest, OK","description":"","potentialAction":[{"@type":"SearchAction","target":{"@type":"EntryPoint","urlTemplate":"https:\/\/prclawton.com\/es\/?s={search_term_string}"},"query-input":{"@type":"PropertyValueSpecification","valueRequired":true,"valueName":"search_term_string"}}],"inLanguage":"es"}]}},"_links":{"self":[{"href":"https:\/\/prclawton.com\/es\/wp-json\/wp\/v2\/pages\/948","targetHints":{"allow":["GET"]}}],"collection":[{"href":"https:\/\/prclawton.com\/es\/wp-json\/wp\/v2\/pages"}],"about":[{"href":"https:\/\/prclawton.com\/es\/wp-json\/wp\/v2\/types\/page"}],"author":[{"embeddable":true,"href":"https:\/\/prclawton.com\/es\/wp-json\/wp\/v2\/users\/5"}],"replies":[{"embeddable":true,"href":"https:\/\/prclawton.com\/es\/wp-json\/wp\/v2\/comments?post=948"}],"version-history":[{"count":1,"href":"https:\/\/prclawton.com\/es\/wp-json\/wp\/v2\/pages\/948\/revisions"}],"predecessor-version":[{"id":1070,"href":"https:\/\/prclawton.com\/es\/wp-json\/wp\/v2\/pages\/948\/revisions\/1070"}],"up":[{"embeddable":true,"href":"https:\/\/prclawton.com\/es\/wp-json\/wp\/v2\/pages\/939"}],"wp:attachment":[{"href":"https:\/\/prclawton.com\/es\/wp-json\/wp\/v2\/media?parent=948"}],"wp:term":[{"taxonomy":"folder","embeddable":true,"href":"https:\/\/prclawton.com\/es\/wp-json\/wp\/v2\/folder?post=948"}],"curies":[{"name":"wp","href":"https:\/\/api.w.org\/{rel}","templated":true}]}}