{"id":946,"date":"2023-08-22T14:53:17","date_gmt":"2023-08-22T19:53:17","guid":{"rendered":"https:\/\/prclawton.com\/paternidad\/"},"modified":"2023-08-22T14:53:17","modified_gmt":"2023-08-22T19:53:17","slug":"paternidad","status":"publish","type":"page","link":"https:\/\/prclawton.com\/es\/paternidad\/","title":{"rendered":"Paternidad"},"content":{"rendered":"<h2><img decoding=\"async\" class=\"alignnone size-medium wp-image-610 aligncenter\" src=\"https:\/\/prclawton.com\/wp-content\/uploads\/2023\/08\/derek-thomson-M1jCmRxO7cY-unsplash.jpg\" alt=\"\" width=\"1\" height=\"1\"><img decoding=\"async\" class=\"alignnone size-medium wp-image-608 aligncenter\" src=\"https:\/\/prclawton.com\/wp-content\/uploads\/2023\/08\/praise-.jpg\" alt=\"\" width=\"1\" height=\"1\"><img decoding=\"async\" class=\"alignnone size-medium wp-image-608 aligncenter\" src=\"https:\/\/prclawton.com\/wp-content\/uploads\/2023\/08\/praise-.jpg\" alt=\"\" width=\"1\" height=\"1\"><strong>-Ministerio de Paternidad-<\/strong><\/h2>\n<h3><strong>Equipar a la pr\u00f3xima generaci\u00f3n de padres con compasi\u00f3n, lealtad y liderazgo.<\/strong><\/h3>\n<h3 style=\"text-align: right;\"><strong>Rellena el formulario de contacto para empezar<\/strong><\/h3>\n<h4><strong>Qu\u00e9 puedes esperar<\/strong><\/h4>\n<p>En tu cita, uno de nuestros entrenadores de paternidad se reunir\u00e1 contigo como padre actual o futuro. El entrenador de paternidad tiene la oportunidad de entablar relaciones contigo y ayudarte a navegar por la paternidad a trav\u00e9s de una visi\u00f3n b\u00edblica del mundo.<\/p>\n<blockquote>\n<h5><\/h5>\n<h4 style=\"text-align: center;\"><strong>\u00bfPor qu\u00e9 es importante el ministerio de la paternidad?<\/strong><\/h4>\n<p>Las investigaciones demuestran que cuando un ni\u00f1o se cr\u00eda en un hogar sin padre, se ve afectado de muchas maneras. Los ni\u00f1os tienen m\u00e1s probabilidades de tener problemas de conducta, m\u00e1s probabilidades de abusar de las drogas y el alcohol, dos veces m\u00e1s probabilidades de sufrir obesidad, dos veces m\u00e1s probabilidades de abandonar la escuela secundaria, y m\u00e1s.<\/p>\n<h6><strong>Los ni\u00f1os tienen probabilidades significativamente m\u00e1s altas de ser encarcelados que los de las familias materno-filiales.  <\/strong><\/h6>\n<p>En el PRC, nos interponemos en esa brecha desarrollando las habilidades que necesitar\u00e1s como padre, d\u00e1ndote las herramientas y habilidades espec\u00edficas y dirigidas que necesitas para implicarte.<\/p>\n<p>Creemos que nuestra formaci\u00f3n te conducir\u00e1, como padre, a una mayor implicaci\u00f3n en la vida de tus hijos, y reducir\u00e1 la probabilidad de que tu hijo sufra los efectos nocivos de un padre ausente.<\/p>\n<p>Cuando comprendas tu importante papel, transformar\u00e1 tu vida y la de tus hijos y familiares.<\/p>\n<h3 style=\"text-align: left;\"><strong>\u00c1reas de coaching para padres<\/strong><\/h3>\n<ul>\n<li style=\"text-align: left;\">Asesoramiento financiero<\/li>\n<li style=\"text-align: left;\">Consejos sobre relaciones<\/li>\n<li style=\"text-align: left;\">La paternidad desde una perspectiva cristiana<\/li>\n<li style=\"text-align: left;\">Seguridad laboral<\/li>\n<li style=\"text-align: left;\">Construcci\u00f3n de curr\u00edculos<\/li>\n<li style=\"text-align: left;\">Habilidades pr\u00e1cticas<\/li>\n<li style=\"text-align: left;\">Estudio de la Biblia<\/li>\n<li style=\"text-align: left;\">Formaci\u00f3n espiritual centrada en Cristo<\/li>\n<li style=\"text-align: left;\">Y m\u00e1s&#8230;.<\/li>\n<\/ul>\n<p style=\"text-align: left;\"><img decoding=\"async\" class=\"alignnone size-medium wp-image-612\" src=\"https:\/\/prclawton.com\/wp-content\/uploads\/2023\/08\/kabita-darlami-dhHG-maSW9o-unsplash.jpg\" alt=\"\" width=\"1\" height=\"1\"><\/p>\n<\/blockquote>\n<h5 style=\"text-align: right;\"><strong>El piadoso camina con integridad;  <\/strong><\/h5>\n<h5 style=\"text-align: right;\"><strong>benditos sean sus hijos  <\/strong><\/h5>\n<h5 style=\"text-align: right;\"><strong>que les siguen.<\/strong><\/h5>\n<h5 style=\"text-align: right;\"><strong>  &#8211; Proverbios 20:7<\/strong><\/h5>\n<p style=\"text-align: right;\">\n","protected":false},"excerpt":{"rendered":"<p>-Ministerio de Paternidad- Equipar a la pr\u00f3xima generaci\u00f3n de padres con compasi\u00f3n, lealtad y liderazgo. Rellena el formulario de contacto &hellip; <a href=\"https:\/\/prclawton.com\/es\/paternidad\/\" data-wpel-link=\"internal\" target=\"_self\" rel=\"follow noopener noreferrer\">Continued<\/a><\/p>\n","protected":false},"author":6,"featured_media":897,"parent":0,"menu_order":0,"comment_status":"closed","ping_status":"closed","template":"views\/template-parent.blade.php","meta":{"_acf_changed":false,"footnotes":""},"folder":[],"class_list":["post-946","page","type-page","status-publish","has-post-thumbnail","hentry"],"acf":[],"yoast_head":"<!-- This site is optimized with the Yoast SEO plugin v27.3 - https:\/\/yoast.com\/product\/yoast-seo-wordpress\/ -->\n<title>Paternidad - PRC of Southwest, OK<\/title>\n<meta name=\"description\" content=\"Read more about Paternidad in this page. PRC of Southwest, OK offers free pregnancy services in Lawton, OK.\" \/>\n<meta name=\"robots\" content=\"index, follow, max-snippet:-1, max-image-preview:large, max-video-preview:-1\" \/>\n<link rel=\"canonical\" href=\"https:\/\/prclawton.com\/es\/paternidad\/\" \/>\n<meta property=\"og:locale\" content=\"es_ES\" \/>\n<meta property=\"og:type\" content=\"article\" \/>\n<meta property=\"og:title\" content=\"Paternidad - PRC of Southwest, OK\" \/>\n<meta property=\"og:description\" content=\"Read more about Paternidad in this page. PRC of Southwest, OK offers free pregnancy services in Lawton, OK.\" \/>\n<meta property=\"og:url\" content=\"https:\/\/prclawton.com\/es\/paternidad\/\" \/>\n<meta property=\"og:site_name\" content=\"PRC of Southwest, OK\" \/>\n<meta property=\"og:image\" content=\"https:\/\/prclawton.com\/wp-content\/uploads\/2023\/08\/jessica-rockowitz-6c4Uhhe68yQ-unsplash.jpg\" \/>\n\t<meta property=\"og:image:width\" content=\"1\" \/>\n\t<meta property=\"og:image:height\" content=\"1\" \/>\n\t<meta property=\"og:image:type\" content=\"image\/jpeg\" \/>\n<meta name=\"twitter:card\" content=\"summary_large_image\" \/>\n<meta name=\"twitter:label1\" content=\"Est. reading time\" \/>\n\t<meta name=\"twitter:data1\" content=\"2 minutos\" \/>\n<!-- \/ Yoast SEO plugin. -->","yoast_head_json":{"title":"Paternidad - PRC of Southwest, OK","description":"Read more about Paternidad in this page. PRC of Southwest, OK offers free pregnancy services in Lawton, OK.","robots":{"index":"index","follow":"follow","max-snippet":"max-snippet:-1","max-image-preview":"max-image-preview:large","max-video-preview":"max-video-preview:-1"},"canonical":"https:\/\/prclawton.com\/es\/paternidad\/","og_locale":"es_ES","og_type":"article","og_title":"Paternidad - PRC of Southwest, OK","og_description":"Read more about Paternidad in this page. PRC of Southwest, OK offers free pregnancy services in Lawton, OK.","og_url":"https:\/\/prclawton.com\/es\/paternidad\/","og_site_name":"PRC of Southwest, OK","og_image":[{"url":"https:\/\/prclawton.com\/wp-content\/uploads\/2023\/08\/jessica-rockowitz-6c4Uhhe68yQ-unsplash.jpg","width":1,"height":1,"type":"image\/jpeg"}],"twitter_card":"summary_large_image","twitter_misc":{"Est. reading time":"2 minutos"},"schema":{"@context":"https:\/\/schema.org","@graph":[{"@type":"WebPage","@id":"https:\/\/prclawton.com\/es\/paternidad\/","url":"https:\/\/prclawton.com\/es\/paternidad\/","name":"Paternidad - PRC of Southwest, OK","isPartOf":{"@id":"https:\/\/prclawton.com\/es\/#website"},"primaryImageOfPage":{"@id":"https:\/\/prclawton.com\/es\/paternidad\/#primaryimage"},"image":{"@id":"https:\/\/prclawton.com\/es\/paternidad\/#primaryimage"},"thumbnailUrl":"https:\/\/prclawton.com\/wp-content\/uploads\/2023\/08\/jessica-rockowitz-6c4Uhhe68yQ-unsplash.jpg","datePublished":"2023-08-22T19:53:17+00:00","description":"Read more about Paternidad in this page. PRC of Southwest, OK offers free pregnancy services in Lawton, OK.","breadcrumb":{"@id":"https:\/\/prclawton.com\/es\/paternidad\/#breadcrumb"},"inLanguage":"es","potentialAction":[{"@type":"ReadAction","target":["https:\/\/prclawton.com\/es\/paternidad\/"]}]},{"@type":"ImageObject","inLanguage":"es","@id":"https:\/\/prclawton.com\/es\/paternidad\/#primaryimage","url":"https:\/\/prclawton.com\/wp-content\/uploads\/2023\/08\/jessica-rockowitz-6c4Uhhe68yQ-unsplash.jpg","contentUrl":"https:\/\/prclawton.com\/wp-content\/uploads\/2023\/08\/jessica-rockowitz-6c4Uhhe68yQ-unsplash.jpg"},{"@type":"BreadcrumbList","@id":"https:\/\/prclawton.com\/es\/paternidad\/#breadcrumb","itemListElement":[{"@type":"ListItem","position":1,"name":"Home","item":"https:\/\/prclawton.com\/es\/"},{"@type":"ListItem","position":2,"name":"Paternidad"}]},{"@type":"WebSite","@id":"https:\/\/prclawton.com\/es\/#website","url":"https:\/\/prclawton.com\/es\/","name":"PRC of Southwest, OK","description":"","potentialAction":[{"@type":"SearchAction","target":{"@type":"EntryPoint","urlTemplate":"https:\/\/prclawton.com\/es\/?s={search_term_string}"},"query-input":{"@type":"PropertyValueSpecification","valueRequired":true,"valueName":"search_term_string"}}],"inLanguage":"es"}]}},"_links":{"self":[{"href":"https:\/\/prclawton.com\/es\/wp-json\/wp\/v2\/pages\/946","targetHints":{"allow":["GET"]}}],"collection":[{"href":"https:\/\/prclawton.com\/es\/wp-json\/wp\/v2\/pages"}],"about":[{"href":"https:\/\/prclawton.com\/es\/wp-json\/wp\/v2\/types\/page"}],"author":[{"embeddable":true,"href":"https:\/\/prclawton.com\/es\/wp-json\/wp\/v2\/users\/6"}],"replies":[{"embeddable":true,"href":"https:\/\/prclawton.com\/es\/wp-json\/wp\/v2\/comments?post=946"}],"version-history":[{"count":0,"href":"https:\/\/prclawton.com\/es\/wp-json\/wp\/v2\/pages\/946\/revisions"}],"wp:featuredmedia":[{"embeddable":true,"href":"https:\/\/prclawton.com\/es\/wp-json\/wp\/v2\/media\/897"}],"wp:attachment":[{"href":"https:\/\/prclawton.com\/es\/wp-json\/wp\/v2\/media?parent=946"}],"wp:term":[{"taxonomy":"folder","embeddable":true,"href":"https:\/\/prclawton.com\/es\/wp-json\/wp\/v2\/folder?post=946"}],"curies":[{"name":"wp","href":"https:\/\/api.w.org\/{rel}","templated":true}]}}