{"id":939,"date":"2023-03-17T05:07:59","date_gmt":"2023-03-17T10:07:59","guid":{"rendered":"https:\/\/prclawton.com\/servicios\/"},"modified":"2023-03-17T05:07:59","modified_gmt":"2023-03-17T10:07:59","slug":"servicios","status":"publish","type":"page","link":"https:\/\/prclawton.com\/es\/servicios\/","title":{"rendered":"Servicios"},"content":{"rendered":"<p>A veces, la vida puede ser tan abrumadora. No importa si tienes un trabajo, vas a la escuela, sirves en el ej\u00e9rcito, te quedas en casa con los peque\u00f1os o haces cualquier cantidad de cosas; la vida es dura. Si a esto le a\u00f1adimos un embarazo no planificado, a\u00fan hay m\u00e1s cosas que superar.<\/p>\n<p>Por eso estamos aqu\u00ed. Queremos estar a tu lado y prestarte los servicios que necesitas para avanzar. Nuestros defensores del cliente quieren equiparte y capacitarte para vivir tu mejor vida. Nos preocupamos por tu salud y tu bienestar. Aprovecha nuestros numerosos servicios confidenciales y gratuitos.<\/p>\n<h2>Servicios confidenciales y gratuitos:<\/h2>\n<ul>\n<li>Verificaci\u00f3n del embarazo con una <a href=\"https:\/\/prclawton.com\/es\/servicios\/prueba-de-embarazo\/\" target=\"_self\" rel=\"noopener follow noreferrer\" data-wpel-link=\"internal\">prueba de embarazo<\/a> gratuita y una <a href=\"https:\/\/prclawton.com\/es\/servicios\/ecografias-limitadas\/\" target=\"_self\" rel=\"noopener follow noreferrer\" data-wpel-link=\"internal\">ecograf\u00eda limitada*<\/a>.<\/li>\n<li>Informaci\u00f3n sobre ETS\/ITS<\/li>\n<li>Remisiones m\u00e9dicas<\/li>\n<li>Consulta sobre opciones de embarazo<\/li>\n<li>Informaci\u00f3n sobre el aborto<\/li>\n<li>Referencias de agencias de adopci\u00f3n<\/li>\n<li>Educaci\u00f3n parental<\/li>\n<li>Apoyo material<\/li>\n<li>Apoyo a los hombres<\/li>\n<\/ul>\n<p><em>*La ecograf\u00eda se utiliza para confirmar la presencia de un embarazo uterino viable. No utilizamos la ecograf\u00eda para determinar el sexo o diagnosticar anomal\u00edas. Se aplican los criterios de elegibilidad.<\/em><\/p>\n<h2>Somos un lugar seguro<\/h2>\n<p>Cuando est\u00e9s preparado para hablar de tu situaci\u00f3n, necesitas a alguien en quien puedas confiar. Somos un lugar seguro donde puedes procesar y encontrar el camino hacia un futuro mejor. En el Centro de Recursos para Embarazadas no recibir\u00e1s un serm\u00f3n. Recibir\u00e1s apoyo y aceptaci\u00f3n.<\/p>\n<p>Nuestro personal cualificado est\u00e1 preparado para responder a tus preguntas. Creemos que cuanta m\u00e1s informaci\u00f3n tengas, mejores decisiones tomar\u00e1s.<\/p>\n<h2>Programa tu cita<\/h2>\n<p>Hoy es un nuevo d\u00eda, y con \u00e9l llegan nuevas fuerzas. Si est\u00e1s o crees que puedes estar ante un embarazo no planificado, concierta una cita para hablar con nosotros.<\/p>\n<p>Habla de tu situaci\u00f3n, verifica tu embarazo e inf\u00f3rmate sobre tus opciones. Estamos a tu disposici\u00f3n.<\/p>\n","protected":false},"excerpt":{"rendered":"<p>A veces, la vida puede ser tan abrumadora. No importa si tienes un trabajo, vas a la escuela, sirves en &hellip; <a href=\"https:\/\/prclawton.com\/es\/servicios\/\" data-wpel-link=\"internal\" target=\"_self\" rel=\"follow noopener noreferrer\">Continued<\/a><\/p>\n","protected":false},"author":5,"featured_media":0,"parent":0,"menu_order":0,"comment_status":"closed","ping_status":"closed","template":"","meta":{"_acf_changed":false,"footnotes":""},"folder":[],"class_list":["post-939","page","type-page","status-publish","hentry"],"acf":[],"yoast_head":"<!-- This site is optimized with the Yoast SEO plugin v27.3 - https:\/\/yoast.com\/product\/yoast-seo-wordpress\/ -->\n<title>Servicios - PRC of Southwest, OK<\/title>\n<meta name=\"description\" content=\"Read more about Servicios in this page. PRC of Southwest, OK offers free pregnancy services in Lawton, OK.\" \/>\n<meta name=\"robots\" content=\"index, follow, max-snippet:-1, max-image-preview:large, max-video-preview:-1\" \/>\n<link rel=\"canonical\" href=\"https:\/\/prclawton.com\/es\/servicios\/\" \/>\n<meta property=\"og:locale\" content=\"es_ES\" \/>\n<meta property=\"og:type\" content=\"article\" \/>\n<meta property=\"og:title\" content=\"Servicios - PRC of Southwest, OK\" \/>\n<meta property=\"og:description\" content=\"Read more about Servicios in this page. PRC of Southwest, OK offers free pregnancy services in Lawton, OK.\" \/>\n<meta property=\"og:url\" content=\"https:\/\/prclawton.com\/es\/servicios\/\" \/>\n<meta property=\"og:site_name\" content=\"PRC of Southwest, OK\" \/>\n<meta name=\"twitter:card\" content=\"summary_large_image\" \/>\n<meta name=\"twitter:label1\" content=\"Est. reading time\" \/>\n\t<meta name=\"twitter:data1\" content=\"2 minutos\" \/>\n<!-- \/ Yoast SEO plugin. -->","yoast_head_json":{"title":"Servicios - PRC of Southwest, OK","description":"Read more about Servicios in this page. PRC of Southwest, OK offers free pregnancy services in Lawton, OK.","robots":{"index":"index","follow":"follow","max-snippet":"max-snippet:-1","max-image-preview":"max-image-preview:large","max-video-preview":"max-video-preview:-1"},"canonical":"https:\/\/prclawton.com\/es\/servicios\/","og_locale":"es_ES","og_type":"article","og_title":"Servicios - PRC of Southwest, OK","og_description":"Read more about Servicios in this page. PRC of Southwest, OK offers free pregnancy services in Lawton, OK.","og_url":"https:\/\/prclawton.com\/es\/servicios\/","og_site_name":"PRC of Southwest, OK","twitter_card":"summary_large_image","twitter_misc":{"Est. reading time":"2 minutos"},"schema":{"@context":"https:\/\/schema.org","@graph":[{"@type":"WebPage","@id":"https:\/\/prclawton.com\/es\/servicios\/","url":"https:\/\/prclawton.com\/es\/servicios\/","name":"Servicios - PRC of Southwest, OK","isPartOf":{"@id":"https:\/\/prclawton.com\/es\/#website"},"datePublished":"2023-03-17T10:07:59+00:00","description":"Read more about Servicios in this page. PRC of Southwest, OK offers free pregnancy services in Lawton, OK.","breadcrumb":{"@id":"https:\/\/prclawton.com\/es\/servicios\/#breadcrumb"},"inLanguage":"es","potentialAction":[{"@type":"ReadAction","target":["https:\/\/prclawton.com\/es\/servicios\/"]}]},{"@type":"BreadcrumbList","@id":"https:\/\/prclawton.com\/es\/servicios\/#breadcrumb","itemListElement":[{"@type":"ListItem","position":1,"name":"Home","item":"https:\/\/prclawton.com\/es\/"},{"@type":"ListItem","position":2,"name":"Servicios"}]},{"@type":"WebSite","@id":"https:\/\/prclawton.com\/es\/#website","url":"https:\/\/prclawton.com\/es\/","name":"PRC of Southwest, OK","description":"","potentialAction":[{"@type":"SearchAction","target":{"@type":"EntryPoint","urlTemplate":"https:\/\/prclawton.com\/es\/?s={search_term_string}"},"query-input":{"@type":"PropertyValueSpecification","valueRequired":true,"valueName":"search_term_string"}}],"inLanguage":"es"}]}},"_links":{"self":[{"href":"https:\/\/prclawton.com\/es\/wp-json\/wp\/v2\/pages\/939","targetHints":{"allow":["GET"]}}],"collection":[{"href":"https:\/\/prclawton.com\/es\/wp-json\/wp\/v2\/pages"}],"about":[{"href":"https:\/\/prclawton.com\/es\/wp-json\/wp\/v2\/types\/page"}],"author":[{"embeddable":true,"href":"https:\/\/prclawton.com\/es\/wp-json\/wp\/v2\/users\/5"}],"replies":[{"embeddable":true,"href":"https:\/\/prclawton.com\/es\/wp-json\/wp\/v2\/comments?post=939"}],"version-history":[{"count":0,"href":"https:\/\/prclawton.com\/es\/wp-json\/wp\/v2\/pages\/939\/revisions"}],"wp:attachment":[{"href":"https:\/\/prclawton.com\/es\/wp-json\/wp\/v2\/media?parent=939"}],"wp:term":[{"taxonomy":"folder","embeddable":true,"href":"https:\/\/prclawton.com\/es\/wp-json\/wp\/v2\/folder?post=939"}],"curies":[{"name":"wp","href":"https:\/\/api.w.org\/{rel}","templated":true}]}}