{"id":937,"date":"2023-09-15T02:58:36","date_gmt":"2023-09-15T07:58:36","guid":{"rendered":"https:\/\/prclawton.com\/eventos\/"},"modified":"2023-09-15T02:58:36","modified_gmt":"2023-09-15T07:58:36","slug":"eventos","status":"publish","type":"page","link":"https:\/\/prclawton.com\/es\/eventos\/","title":{"rendered":"Eventos"},"content":{"rendered":"<h2 style=\"text-align: center;\">Gala 2023<\/h2>\n<p>&nbsp;<\/p>\n<p><img fetchpriority=\"high\" decoding=\"async\" class=\"wp-image-653 aligncenter\" src=\"https:\/\/prclawton.com\/wp-content\/uploads\/2023\/09\/2023-Gala-banner.jpg\" alt=\"\" width=\"628\" height=\"392\"><\/p>\n<p style=\"text-align: center;\"><a href=\"https:\/\/prcgala2023.funraise.org\/\" target=\"_blank\" rel=\"noopener nofollow external noreferrer\" data-wpel-link=\"external\">Mira aqu\u00ed para m\u00e1s informaci\u00f3n y para hacer un donativo<\/a><\/p>\n","protected":false},"excerpt":{"rendered":"<p>Gala 2023 &nbsp; Mira aqu\u00ed para m\u00e1s informaci\u00f3n y para hacer un donativo<\/p>\n","protected":false},"author":5,"featured_media":0,"parent":0,"menu_order":0,"comment_status":"closed","ping_status":"closed","template":"","meta":{"_acf_changed":false,"footnotes":""},"folder":[],"class_list":["post-937","page","type-page","status-publish","hentry"],"acf":[],"yoast_head":"<!-- This site is optimized with the Yoast SEO plugin v27.3 - https:\/\/yoast.com\/product\/yoast-seo-wordpress\/ -->\n<title>Eventos - PRC of Southwest, OK<\/title>\n<meta name=\"description\" content=\"Read more about Eventos in this page. PRC of Southwest, OK offers free pregnancy services in Lawton, OK.\" \/>\n<meta name=\"robots\" content=\"index, follow, max-snippet:-1, max-image-preview:large, max-video-preview:-1\" \/>\n<link rel=\"canonical\" href=\"https:\/\/prclawton.com\/es\/eventos\/\" \/>\n<meta property=\"og:locale\" content=\"es_ES\" \/>\n<meta property=\"og:type\" content=\"article\" \/>\n<meta property=\"og:title\" content=\"Eventos - PRC of Southwest, OK\" \/>\n<meta property=\"og:description\" content=\"Read more about Eventos in this page. PRC of Southwest, OK offers free pregnancy services in Lawton, OK.\" \/>\n<meta property=\"og:url\" content=\"https:\/\/prclawton.com\/es\/eventos\/\" \/>\n<meta property=\"og:site_name\" content=\"PRC of Southwest, OK\" \/>\n<meta property=\"og:image\" content=\"https:\/\/prclawton.com\/wp-content\/uploads\/2023\/09\/2023-Gala-banner.jpg\" \/>\n<meta name=\"twitter:card\" content=\"summary_large_image\" \/>\n<!-- \/ Yoast SEO plugin. -->","yoast_head_json":{"title":"Eventos - PRC of Southwest, OK","description":"Read more about Eventos in this page. PRC of Southwest, OK offers free pregnancy services in Lawton, OK.","robots":{"index":"index","follow":"follow","max-snippet":"max-snippet:-1","max-image-preview":"max-image-preview:large","max-video-preview":"max-video-preview:-1"},"canonical":"https:\/\/prclawton.com\/es\/eventos\/","og_locale":"es_ES","og_type":"article","og_title":"Eventos - PRC of Southwest, OK","og_description":"Read more about Eventos in this page. PRC of Southwest, OK offers free pregnancy services in Lawton, OK.","og_url":"https:\/\/prclawton.com\/es\/eventos\/","og_site_name":"PRC of Southwest, OK","og_image":[{"url":"https:\/\/prclawton.com\/wp-content\/uploads\/2023\/09\/2023-Gala-banner.jpg","type":"","width":"","height":""}],"twitter_card":"summary_large_image","schema":{"@context":"https:\/\/schema.org","@graph":[{"@type":"WebPage","@id":"https:\/\/prclawton.com\/es\/eventos\/","url":"https:\/\/prclawton.com\/es\/eventos\/","name":"Eventos - PRC of Southwest, OK","isPartOf":{"@id":"https:\/\/prclawton.com\/es\/#website"},"primaryImageOfPage":{"@id":"https:\/\/prclawton.com\/es\/eventos\/#primaryimage"},"image":{"@id":"https:\/\/prclawton.com\/es\/eventos\/#primaryimage"},"thumbnailUrl":"https:\/\/prclawton.com\/wp-content\/uploads\/2023\/09\/2023-Gala-banner.jpg","datePublished":"2023-09-15T07:58:36+00:00","description":"Read more about Eventos in this page. PRC of Southwest, OK offers free pregnancy services in Lawton, OK.","breadcrumb":{"@id":"https:\/\/prclawton.com\/es\/eventos\/#breadcrumb"},"inLanguage":"es","potentialAction":[{"@type":"ReadAction","target":["https:\/\/prclawton.com\/es\/eventos\/"]}]},{"@type":"ImageObject","inLanguage":"es","@id":"https:\/\/prclawton.com\/es\/eventos\/#primaryimage","url":"https:\/\/prclawton.com\/wp-content\/uploads\/2023\/09\/2023-Gala-banner.jpg","contentUrl":"https:\/\/prclawton.com\/wp-content\/uploads\/2023\/09\/2023-Gala-banner.jpg"},{"@type":"BreadcrumbList","@id":"https:\/\/prclawton.com\/es\/eventos\/#breadcrumb","itemListElement":[{"@type":"ListItem","position":1,"name":"Home","item":"https:\/\/prclawton.com\/es\/"},{"@type":"ListItem","position":2,"name":"Eventos"}]},{"@type":"WebSite","@id":"https:\/\/prclawton.com\/es\/#website","url":"https:\/\/prclawton.com\/es\/","name":"PRC of Southwest, OK","description":"","potentialAction":[{"@type":"SearchAction","target":{"@type":"EntryPoint","urlTemplate":"https:\/\/prclawton.com\/es\/?s={search_term_string}"},"query-input":{"@type":"PropertyValueSpecification","valueRequired":true,"valueName":"search_term_string"}}],"inLanguage":"es"}]}},"_links":{"self":[{"href":"https:\/\/prclawton.com\/es\/wp-json\/wp\/v2\/pages\/937","targetHints":{"allow":["GET"]}}],"collection":[{"href":"https:\/\/prclawton.com\/es\/wp-json\/wp\/v2\/pages"}],"about":[{"href":"https:\/\/prclawton.com\/es\/wp-json\/wp\/v2\/types\/page"}],"author":[{"embeddable":true,"href":"https:\/\/prclawton.com\/es\/wp-json\/wp\/v2\/users\/5"}],"replies":[{"embeddable":true,"href":"https:\/\/prclawton.com\/es\/wp-json\/wp\/v2\/comments?post=937"}],"version-history":[{"count":0,"href":"https:\/\/prclawton.com\/es\/wp-json\/wp\/v2\/pages\/937\/revisions"}],"wp:attachment":[{"href":"https:\/\/prclawton.com\/es\/wp-json\/wp\/v2\/media?parent=937"}],"wp:term":[{"taxonomy":"folder","embeddable":true,"href":"https:\/\/prclawton.com\/es\/wp-json\/wp\/v2\/folder?post=937"}],"curies":[{"name":"wp","href":"https:\/\/api.w.org\/{rel}","templated":true}]}}