{"id":935,"date":"2023-02-13T06:03:05","date_gmt":"2023-02-13T12:03:05","guid":{"rendered":"https:\/\/prclawton.com\/prueba-de-embarazo\/"},"modified":"2024-09-04T05:46:31","modified_gmt":"2024-09-04T10:46:31","slug":"prueba-de-embarazo","status":"publish","type":"page","link":"https:\/\/prclawton.com\/es\/servicios\/prueba-de-embarazo\/","title":{"rendered":"Prueba de embarazo"},"content":{"rendered":"<h2>\u00bfCrees que puedes estar embarazada?<\/h2>\n<p>  Si crees que est\u00e1s o podr\u00edas estar embarazada pero no ten\u00edas previsto estarlo, tu primer paso es realizarte una prueba de embarazo gratuita y confidencial de calidad m\u00e9dica en el Centro de Recursos sobre el Embarazo. La ausencia de menstruaci\u00f3n suele ser el primer signo de embarazo, pero el ciclo menstrual de una mujer puede cambiar por muchas razones. Comprueba si experimentas alguno de estos otros s\u00edntomas tempranos del embarazo.  <\/p>\n<h2>S\u00edntomas tempranos del embarazo<\/h2>\n<p>  La <a href=\"https:\/\/www.mayoclinic.org\/healthy-lifestyle\/getting-pregnant\/in-depth\/symptoms-of-pregnancy\/art-20043853\" target=\"_blank\" rel=\"noopener nofollow external noreferrer\" data-wpel-link=\"external\">Cl\u00ednica Mayo<\/a> enumera los siguientes como s\u00edntomas de embarazo que la mayor\u00eda de las mujeres experimentan al principio del embarazo.  <\/p>\n<ul>\n<li>Per\u00edodo perdido<\/li>\n<li>Pechos sensibles e hinchados<\/li>\n<li>N\u00e1useas, con o sin v\u00f3mitos<\/li>\n<li>Aumento de la micci\u00f3n<\/li>\n<li>Fatiga<\/li>\n<\/ul>\n<h3>Otros signos posibles<\/h3>\n<ul>\n<li>Mal humor<\/li>\n<li>Hinchaz\u00f3n<\/li>\n<li>Manchas ligeras<\/li>\n<li>Calambres<\/li>\n<\/ul>\n<p>  Las mujeres viven el embarazo de forma diferente. Algunas mujeres sienten todos los s\u00edntomas desde el principio, mientras que otras no sienten nada durante meses.  <\/p>\n<h2>Confirma los resultados de tu prueba de embarazo<\/h2>\n<p>  Aunque ya te hayas hecho una prueba de embarazo casera, es esencial que te confirmen esos resultados. Hay varias razones por las que puedes obtener un resultado falso en una prueba de embarazo. La realizaci\u00f3n incorrecta de la prueba, un aborto espont\u00e1neo, determinados medicamentos o afecciones m\u00e9dicas pueden dar lugar a <a href=\"https:\/\/www.medicalnewstoday.com\/articles\/319803?utm_source=ReadNext\" target=\"_blank\" rel=\"noopener nofollow external noreferrer\" data-wpel-link=\"external\">un falso positivo en la prueba de embarazo<\/a>. La mayor\u00eda de las pruebas de embarazo caseras son fiables, pero s\u00f3lo un m\u00e9dico u otro profesional sanitario adecuado puede confirmar que est\u00e1s embarazada.  <\/p>\n<h2>Hazte una prueba de embarazo gratuita y confidencial<\/h2>\n<p>  En nuestro centro, una enfermera diplomada supervisa nuestro servicio de pruebas de embarazo. Tras hablar de tu ciclo mensual, se te hace una prueba de embarazo gratuita de calidad m\u00e9dica. Si tu menstruaci\u00f3n es habitualmente regular (cada 28 \u00f3 30 d\u00edas), debes realizar la prueba dos o tres d\u00edas despu\u00e9s de que deber\u00eda haber empezado. Si tu ciclo suele ser irregular, lo mejor es esperar una semana entera. Recibir\u00e1s los resultados durante la consulta gratuita.  <\/p>\n<h2>La prueba es positiva. \u00bfY ahora qu\u00e9?<\/h2>\n<p>  Una vez que recibas un resultado positivo, podemos recomendarte una <a href=\"https:\/\/prclawton.com\/services\/limited-ultrasounds\/\" target=\"_blank\" rel=\"noopener nofollow external noreferrer\" data-wpel-link=\"external\">ecograf\u00eda limitada<\/a>. Hay mucho m\u00e1s que saber sobre tu embarazo antes de tomar ninguna decisi\u00f3n, y podemos ayudarte a obtener la informaci\u00f3n que necesitas. Programa <a href=\"https:\/\/prclawton.com\/contact-us\/\" target=\"_blank\" rel=\"noopener nofollow external noreferrer\" data-wpel-link=\"external\">tu cita<\/a> hoy mismo.<\/p>\n","protected":false},"excerpt":{"rendered":"<p>La confirmaci\u00f3n de tu embarazo inesperado comienza con una prueba de embarazo gratuita y confidencial de calidad m\u00e9dica. Aunque te hayas hecho una prueba en casa, haz que nuestra enfermera diplomada verifique tus resultados. Perm\u00edtenos recorrer este camino contigo.<\/p>\n","protected":false},"author":2,"featured_media":0,"parent":939,"menu_order":1,"comment_status":"closed","ping_status":"closed","template":"","meta":{"_acf_changed":false,"footnotes":""},"folder":[],"class_list":["post-935","page","type-page","status-publish","hentry"],"acf":[],"yoast_head":"<!-- This site is optimized with the Yoast SEO plugin v27.4 - https:\/\/yoast.com\/product\/yoast-seo-wordpress\/ -->\n<title>Prueba de embarazo en Lawton, - PRC of Southwest, OK<\/title>\n<meta name=\"description\" content=\"Read more about Prueba de embarazo in this page. PRC of Southwest, OK offers free pregnancy services in Lawton, OK.\" \/>\n<meta name=\"robots\" content=\"index, follow, max-snippet:-1, max-image-preview:large, max-video-preview:-1\" \/>\n<link rel=\"canonical\" href=\"https:\/\/prclawton.com\/es\/servicios\/prueba-de-embarazo\/\" \/>\n<meta property=\"og:locale\" content=\"es_ES\" \/>\n<meta property=\"og:type\" content=\"article\" \/>\n<meta property=\"og:title\" content=\"Prueba de embarazo en Lawton, - PRC of Southwest, OK\" \/>\n<meta property=\"og:description\" content=\"Read more about Prueba de embarazo in this page. PRC of Southwest, OK offers free pregnancy services in Lawton, OK.\" \/>\n<meta property=\"og:url\" content=\"https:\/\/prclawton.com\/es\/servicios\/prueba-de-embarazo\/\" \/>\n<meta property=\"og:site_name\" content=\"PRC of Southwest, OK\" \/>\n<meta property=\"article:modified_time\" content=\"2024-09-04T10:46:31+00:00\" \/>\n<meta name=\"twitter:card\" content=\"summary_large_image\" \/>\n<meta name=\"twitter:label1\" content=\"Est. reading time\" \/>\n\t<meta name=\"twitter:data1\" content=\"2 minutos\" \/>\n<!-- \/ Yoast SEO plugin. -->","yoast_head_json":{"title":"Prueba de embarazo en Lawton, - PRC of Southwest, OK","description":"Read more about Prueba de embarazo in this page. PRC of Southwest, OK offers free pregnancy services in Lawton, OK.","robots":{"index":"index","follow":"follow","max-snippet":"max-snippet:-1","max-image-preview":"max-image-preview:large","max-video-preview":"max-video-preview:-1"},"canonical":"https:\/\/prclawton.com\/es\/servicios\/prueba-de-embarazo\/","og_locale":"es_ES","og_type":"article","og_title":"Prueba de embarazo en Lawton, - PRC of Southwest, OK","og_description":"Read more about Prueba de embarazo in this page. PRC of Southwest, OK offers free pregnancy services in Lawton, OK.","og_url":"https:\/\/prclawton.com\/es\/servicios\/prueba-de-embarazo\/","og_site_name":"PRC of Southwest, OK","article_modified_time":"2024-09-04T10:46:31+00:00","twitter_card":"summary_large_image","twitter_misc":{"Est. reading time":"2 minutos"},"schema":{"@context":"https:\/\/schema.org","@graph":[{"@type":"WebPage","@id":"https:\/\/prclawton.com\/es\/servicios\/prueba-de-embarazo\/","url":"https:\/\/prclawton.com\/es\/servicios\/prueba-de-embarazo\/","name":"Prueba de embarazo en Lawton, - PRC of Southwest, OK","isPartOf":{"@id":"https:\/\/prclawton.com\/es\/#website"},"datePublished":"2023-02-13T12:03:05+00:00","dateModified":"2024-09-04T10:46:31+00:00","description":"Read more about Prueba de embarazo in this page. PRC of Southwest, OK offers free pregnancy services in Lawton, OK.","breadcrumb":{"@id":"https:\/\/prclawton.com\/es\/servicios\/prueba-de-embarazo\/#breadcrumb"},"inLanguage":"es","potentialAction":[{"@type":"ReadAction","target":["https:\/\/prclawton.com\/es\/servicios\/prueba-de-embarazo\/"]}]},{"@type":"BreadcrumbList","@id":"https:\/\/prclawton.com\/es\/servicios\/prueba-de-embarazo\/#breadcrumb","itemListElement":[{"@type":"ListItem","position":1,"name":"Home","item":"https:\/\/prclawton.com\/es\/"},{"@type":"ListItem","position":2,"name":"Servicios","item":"https:\/\/prclawton.com\/es\/servicios\/"},{"@type":"ListItem","position":3,"name":"Prueba de embarazo"}]},{"@type":"WebSite","@id":"https:\/\/prclawton.com\/es\/#website","url":"https:\/\/prclawton.com\/es\/","name":"PRC of Southwest, OK","description":"","potentialAction":[{"@type":"SearchAction","target":{"@type":"EntryPoint","urlTemplate":"https:\/\/prclawton.com\/es\/?s={search_term_string}"},"query-input":{"@type":"PropertyValueSpecification","valueRequired":true,"valueName":"search_term_string"}}],"inLanguage":"es"}]}},"_links":{"self":[{"href":"https:\/\/prclawton.com\/es\/wp-json\/wp\/v2\/pages\/935","targetHints":{"allow":["GET"]}}],"collection":[{"href":"https:\/\/prclawton.com\/es\/wp-json\/wp\/v2\/pages"}],"about":[{"href":"https:\/\/prclawton.com\/es\/wp-json\/wp\/v2\/types\/page"}],"author":[{"embeddable":true,"href":"https:\/\/prclawton.com\/es\/wp-json\/wp\/v2\/users\/2"}],"replies":[{"embeddable":true,"href":"https:\/\/prclawton.com\/es\/wp-json\/wp\/v2\/comments?post=935"}],"version-history":[{"count":3,"href":"https:\/\/prclawton.com\/es\/wp-json\/wp\/v2\/pages\/935\/revisions"}],"predecessor-version":[{"id":1069,"href":"https:\/\/prclawton.com\/es\/wp-json\/wp\/v2\/pages\/935\/revisions\/1069"}],"up":[{"embeddable":true,"href":"https:\/\/prclawton.com\/es\/wp-json\/wp\/v2\/pages\/939"}],"wp:attachment":[{"href":"https:\/\/prclawton.com\/es\/wp-json\/wp\/v2\/media?parent=935"}],"wp:term":[{"taxonomy":"folder","embeddable":true,"href":"https:\/\/prclawton.com\/es\/wp-json\/wp\/v2\/folder?post=935"}],"curies":[{"name":"wp","href":"https:\/\/api.w.org\/{rel}","templated":true}]}}