{"id":934,"date":"2023-03-17T02:11:46","date_gmt":"2023-03-17T07:11:46","guid":{"rendered":"https:\/\/prclawton.com\/recursos-materiales\/"},"modified":"2024-05-09T10:30:16","modified_gmt":"2024-05-09T15:30:16","slug":"recursos-materiales","status":"publish","type":"page","link":"https:\/\/prclawton.com\/es\/servicios\/recursos-materiales\/","title":{"rendered":"Recursos materiales"},"content":{"rendered":"<h2>Queremos ayudarte a tener \u00e9xito<\/h2>\n<p>El equipo del Centro de Recursos para Embarazadas cree que lo que ser\u00e1s ma\u00f1ana empieza por lo que decidas hacer hoy. Tambi\u00e9n creemos en ayudarte. Hoy en d\u00eda, las necesidades cotidianas son caras, sobre todo si est\u00e1s criando hijos. Por eso ofrecemos diversas opciones de ayuda material.<\/p>\n<h3>Gana mientras aprendes con nuestro programa BrightCourse<\/h3>\n<p>Si decides ser madre, el Centro de Recursos para Embarazadas ofrece educaci\u00f3n gratuita en l\u00ednea para padres y la oportunidad de &#8220;comprar&#8221; en nuestra Tienda de Beb\u00e9s. Cada clase completada te da puntos para &#8220;comprar&#8221; art\u00edculos de la tienda. \u00c9stos son s\u00f3lo algunos de los objetos que puedes ganar:<\/p>\n<div class=\"table-responsive\">\n<table class=\"table\">\n<thead>\n<tr>\n<th scope=\"col\">PUNTO<\/th>\n<th scope=\"col\">N\u00daMERO TOTAL DE PUNTOS NECESARIOS<\/th>\n<\/tr>\n<\/thead>\n<tbody>\n<tr>\n<th scope=\"row\">Cuna y colch\u00f3n nuevos<\/th>\n<td>40<\/td>\n<\/tr>\n<tr>\n<th scope=\"row\">Asiento nuevo para el coche<\/th>\n<td>35<\/td>\n<\/tr>\n<tr>\n<th scope=\"row\">Nuevo sacaleches el\u00e9ctrico<\/th>\n<td>15<\/td>\n<\/tr>\n<tr>\n<th scope=\"row\">Nueva mochila\/bolsa de pa\u00f1ales<\/th>\n<td>15<\/td>\n<\/tr>\n<tr>\n<th scope=\"row\">Nuevo vigilabeb\u00e9s con o sin WiFi<\/th>\n<td>10-20<\/td>\n<\/tr>\n<tr>\n<th scope=\"row\">Botellas nuevas, seg\u00fan la marca<\/th>\n<td>2-10<\/td>\n<\/tr>\n<tr>\n<th scope=\"row\">Pa\u00f1ales (por paquete) 58 &#8211; 84 (seg\u00fan el tama\u00f1o)<br \/>\nTalla N &#8211; 3<\/th>\n<td>4<\/td>\n<\/tr>\n<tr>\n<th scope=\"row\">Pa\u00f1ales (por paquete) Talla 4 &#8211; 6 y Pull-ups<\/th>\n<td>5<\/td>\n<\/tr>\n<\/tbody>\n<\/table>\n<\/div>\n<p><em>Los objetos usados cuestan la mitad de puntos que un objeto nuevo. No se pueden canjear m\u00e1s de dos del mismo art\u00edculo en una misma visita ni una vez al mes.<\/em><br \/>\n<em>En cada visita mensual se ofrecen gratuitamente pa\u00f1ales, leche maternizada y ropa usada para beb\u00e9s.<\/em><\/p>\n<p>\u00a1Tu participaci\u00f3n y la realizaci\u00f3n de las clases te permiten ganar puntos para &#8220;comprar&#8221; art\u00edculos de beb\u00e9 para ni\u00f1os de hasta 24 meses!<\/p>\n<h2>M\u00e1s informaci\u00f3n sobre nuestro soporte material<\/h2>\n<p><a href=\"https:\/\/prclawton.com\/es\/contacta-con-nosotros\/\" target=\"_self\" rel=\"noopener follow noreferrer\" data-wpel-link=\"internal\">Concierta una cita<\/a> para saber m\u00e1s sobre nuestro programa educativo y c\u00f3mo puede beneficiarte. Puedes ser un padre de \u00e9xito, y te mostraremos c\u00f3mo.<\/p>\n","protected":false},"excerpt":{"rendered":"<p>Criar ni\u00f1os sanos es dif\u00edcil, pero hay ayuda disponible. En cada visita mensual se ofrecen gratuitamente pa\u00f1ales, leche maternizada y ropa usada para beb\u00e9s. Adem\u00e1s, gana puntos para canjearlos por otros art\u00edculos necesarios para el beb\u00e9 a trav\u00e9s de nuestras clases.<\/p>\n","protected":false},"author":5,"featured_media":0,"parent":939,"menu_order":3,"comment_status":"closed","ping_status":"closed","template":"","meta":{"_acf_changed":false,"footnotes":""},"folder":[],"class_list":["post-934","page","type-page","status-publish","hentry"],"acf":[],"yoast_head":"<!-- This site is optimized with the Yoast SEO plugin v27.4 - https:\/\/yoast.com\/product\/yoast-seo-wordpress\/ -->\n<title>Recursos materiales - PRC of Southwest, OK<\/title>\n<meta name=\"description\" content=\"Read more about Recursos materiales in this page. PRC of Southwest, OK offers free pregnancy services in Lawton, OK.\" \/>\n<meta name=\"robots\" content=\"index, follow, max-snippet:-1, max-image-preview:large, max-video-preview:-1\" \/>\n<link rel=\"canonical\" href=\"https:\/\/prclawton.com\/es\/servicios\/recursos-materiales\/\" \/>\n<meta property=\"og:locale\" content=\"es_ES\" \/>\n<meta property=\"og:type\" content=\"article\" \/>\n<meta property=\"og:title\" content=\"Recursos materiales - PRC of Southwest, OK\" \/>\n<meta property=\"og:description\" content=\"Read more about Recursos materiales in this page. PRC of Southwest, OK offers free pregnancy services in Lawton, OK.\" \/>\n<meta property=\"og:url\" content=\"https:\/\/prclawton.com\/es\/servicios\/recursos-materiales\/\" \/>\n<meta property=\"og:site_name\" content=\"PRC of Southwest, OK\" \/>\n<meta property=\"article:modified_time\" content=\"2024-05-09T15:30:16+00:00\" \/>\n<meta name=\"twitter:card\" content=\"summary_large_image\" \/>\n<meta name=\"twitter:label1\" content=\"Est. reading time\" \/>\n\t<meta name=\"twitter:data1\" content=\"1 minuto\" \/>\n<!-- \/ Yoast SEO plugin. -->","yoast_head_json":{"title":"Recursos materiales - PRC of Southwest, OK","description":"Read more about Recursos materiales in this page. PRC of Southwest, OK offers free pregnancy services in Lawton, OK.","robots":{"index":"index","follow":"follow","max-snippet":"max-snippet:-1","max-image-preview":"max-image-preview:large","max-video-preview":"max-video-preview:-1"},"canonical":"https:\/\/prclawton.com\/es\/servicios\/recursos-materiales\/","og_locale":"es_ES","og_type":"article","og_title":"Recursos materiales - PRC of Southwest, OK","og_description":"Read more about Recursos materiales in this page. PRC of Southwest, OK offers free pregnancy services in Lawton, OK.","og_url":"https:\/\/prclawton.com\/es\/servicios\/recursos-materiales\/","og_site_name":"PRC of Southwest, OK","article_modified_time":"2024-05-09T15:30:16+00:00","twitter_card":"summary_large_image","twitter_misc":{"Est. reading time":"1 minuto"},"schema":{"@context":"https:\/\/schema.org","@graph":[{"@type":"WebPage","@id":"https:\/\/prclawton.com\/es\/servicios\/recursos-materiales\/","url":"https:\/\/prclawton.com\/es\/servicios\/recursos-materiales\/","name":"Recursos materiales - PRC of Southwest, OK","isPartOf":{"@id":"https:\/\/prclawton.com\/es\/#website"},"datePublished":"2023-03-17T07:11:46+00:00","dateModified":"2024-05-09T15:30:16+00:00","description":"Read more about Recursos materiales in this page. PRC of Southwest, OK offers free pregnancy services in Lawton, OK.","breadcrumb":{"@id":"https:\/\/prclawton.com\/es\/servicios\/recursos-materiales\/#breadcrumb"},"inLanguage":"es","potentialAction":[{"@type":"ReadAction","target":["https:\/\/prclawton.com\/es\/servicios\/recursos-materiales\/"]}]},{"@type":"BreadcrumbList","@id":"https:\/\/prclawton.com\/es\/servicios\/recursos-materiales\/#breadcrumb","itemListElement":[{"@type":"ListItem","position":1,"name":"Home","item":"https:\/\/prclawton.com\/es\/"},{"@type":"ListItem","position":2,"name":"Servicios","item":"https:\/\/prclawton.com\/es\/servicios\/"},{"@type":"ListItem","position":3,"name":"Recursos materiales"}]},{"@type":"WebSite","@id":"https:\/\/prclawton.com\/es\/#website","url":"https:\/\/prclawton.com\/es\/","name":"PRC of Southwest, OK","description":"","potentialAction":[{"@type":"SearchAction","target":{"@type":"EntryPoint","urlTemplate":"https:\/\/prclawton.com\/es\/?s={search_term_string}"},"query-input":{"@type":"PropertyValueSpecification","valueRequired":true,"valueName":"search_term_string"}}],"inLanguage":"es"}]}},"_links":{"self":[{"href":"https:\/\/prclawton.com\/es\/wp-json\/wp\/v2\/pages\/934","targetHints":{"allow":["GET"]}}],"collection":[{"href":"https:\/\/prclawton.com\/es\/wp-json\/wp\/v2\/pages"}],"about":[{"href":"https:\/\/prclawton.com\/es\/wp-json\/wp\/v2\/types\/page"}],"author":[{"embeddable":true,"href":"https:\/\/prclawton.com\/es\/wp-json\/wp\/v2\/users\/5"}],"replies":[{"embeddable":true,"href":"https:\/\/prclawton.com\/es\/wp-json\/wp\/v2\/comments?post=934"}],"version-history":[{"count":1,"href":"https:\/\/prclawton.com\/es\/wp-json\/wp\/v2\/pages\/934\/revisions"}],"predecessor-version":[{"id":942,"href":"https:\/\/prclawton.com\/es\/wp-json\/wp\/v2\/pages\/934\/revisions\/942"}],"up":[{"embeddable":true,"href":"https:\/\/prclawton.com\/es\/wp-json\/wp\/v2\/pages\/939"}],"wp:attachment":[{"href":"https:\/\/prclawton.com\/es\/wp-json\/wp\/v2\/media?parent=934"}],"wp:term":[{"taxonomy":"folder","embeddable":true,"href":"https:\/\/prclawton.com\/es\/wp-json\/wp\/v2\/folder?post=934"}],"curies":[{"name":"wp","href":"https:\/\/api.w.org\/{rel}","templated":true}]}}