{"id":933,"date":"2023-03-17T02:13:23","date_gmt":"2023-03-17T07:13:23","guid":{"rendered":"https:\/\/prclawton.com\/educacion-y-apoyo\/"},"modified":"2024-05-09T10:30:17","modified_gmt":"2024-05-09T15:30:17","slug":"educacion-y-apoyo","status":"publish","type":"page","link":"https:\/\/prclawton.com\/es\/servicios\/educacion-y-apoyo\/","title":{"rendered":"Educaci\u00f3n y Apoyo"},"content":{"rendered":"<h2>Educaci\u00f3n de calidad<\/h2>\n<p>En el Centro de Recursos sobre el Embarazo, creemos que cuantos m\u00e1s conocimientos tengas, m\u00e1s segura estar\u00e1s para decidir qu\u00e9 hacer con tu embarazo no planificado. Impartimos clases de todo tipo, desde relaciones hasta crianza de calidad. Aprovecha nuestras clases gratuitas y el apoyo individual y en grupo.<\/p>\n<h3>Educaci\u00f3n gratuita para padres<\/h3>\n<h3>BrightCourse<\/h3>\n<p>Nuestro plan de estudios BrightCourse es una de las razones por las que muchas mujeres deciden ser madres. La educaci\u00f3n de los padres es importante, y BrightCourse te ayuda a prepararte para el viaje de la paternidad que tienes por delante.<\/p>\n<p>Viendo v\u00eddeos online, aprender\u00e1s sobre los siguientes temas y m\u00e1s:<\/p>\n<ul>\n<li>Atenci\u00f3n prenatal<\/li>\n<li>Infancia<\/li>\n<li>La infancia<\/li>\n<li>Ser padres<\/li>\n<li>Habilidades para la vida<\/li>\n<li>Relaciones<\/li>\n<li>\n<div data-slate-type=\"paragraph\">Clases de paternidad<\/div>\n<\/li>\n<li>\n<div data-slate-type=\"paragraph\">Clases de recuperaci\u00f3n post-aborto<\/div>\n<\/li>\n<\/ul>\n<p>Si est\u00e1s embarazada o tienes un hijo menor de dos a\u00f1os, habla con nosotros sobre la posibilidad de unirte a nuestro programa gratuito BrightCourse.<\/p>\n<h2>Apoyo alentador<\/h2>\n<p>Nuestros servicios no son s\u00f3lo para la carretera. Podemos ayudarte ahora. Una madre sana significa un beb\u00e9 m\u00e1s sano, por eso te proporcionamos seis meses de vitaminas prenatales.<\/p>\n<h3>Asistencia material<\/h3>\n<p>Al inscribirte en nuestro programa BrightCourse, te inscribes autom\u00e1ticamente en nuestro exclusivo sistema de puntos. Por cada clase de BrightCourse que completes, ganar\u00e1s puntos para conseguir los suministros necesarios. Canjea puntos por peque\u00f1os art\u00edculos, como ropa de maternidad y de beb\u00e9, o gu\u00e1rdalos y gana art\u00edculos m\u00e1s grandes, como una cuna.<\/p>\n<p>Puedes contar con nuestro equipo para ayudarte durante los primeros 24 meses de maternidad. En cada visita mensual se ofrecen gratuitamente pa\u00f1ales, leche maternizada y ropa usada para beb\u00e9s.<\/p>\n<h3>Recursos comunitarios<\/h3>\n<p>Adem\u00e1s de todo lo que ofrecemos en el centro, tambi\u00e9n podemos remitirte a diversos recursos comunitarios. Puedes descubrir servicios para tus necesidades espec\u00edficas hablando con un defensor del cliente formado.<\/p>\n<ul>\n<li>Vivienda<\/li>\n<li>Utilidades<\/li>\n<li>Cuidado de ni\u00f1os<\/li>\n<li>Servicios m\u00e9dicos<\/li>\n<li>Programa Suplementario de Asistencia Nutricional (SNAP)<\/li>\n<li>Ayuda para ropa<\/li>\n<\/ul>\n<h2>D\u00e9janos servirte<\/h2>\n<p>Descubrir un embarazo no planificado puede ser un momento confuso y aterrador. Nuestro compasivo personal est\u00e1 aqu\u00ed para ayudarte. <em>No<\/em> est\u00e1s <em>solo<\/em>. <a href=\"https:\/\/prclawton.com\/es\/contacta-con-nosotros\/\" target=\"_self\" rel=\"noopener follow noreferrer\" data-wpel-link=\"internal\">Pide cita<\/a> con nosotros hoy mismo para ver c\u00f3mo podemos ayudarte.<\/p>\n","protected":false},"excerpt":{"rendered":"<p>Cuanta m\u00e1s informaci\u00f3n tengas, m\u00e1s segura ser\u00e1 tu decisi\u00f3n. Inf\u00f3rmate sobre tus opciones de embarazo y el apoyo disponible. Adem\u00e1s, ofrecemos clases gratuitas sobre relaciones, paternidad y habilidades para la vida. Gana puntos para canjearlos por necesidades adicionales.<\/p>\n","protected":false},"author":5,"featured_media":0,"parent":939,"menu_order":0,"comment_status":"closed","ping_status":"closed","template":"","meta":{"_acf_changed":false,"footnotes":""},"folder":[],"class_list":["post-933","page","type-page","status-publish","hentry"],"acf":[],"yoast_head":"<!-- This site is optimized with the Yoast SEO plugin v27.3 - https:\/\/yoast.com\/product\/yoast-seo-wordpress\/ -->\n<title>Educaci\u00f3n y Apoyo - PRC of Southwest, OK<\/title>\n<meta name=\"description\" content=\"Read more about Educaci\u00f3n y Apoyo in this page. PRC of Southwest, OK offers free pregnancy services in Lawton, OK.\" \/>\n<meta name=\"robots\" content=\"index, follow, max-snippet:-1, max-image-preview:large, max-video-preview:-1\" \/>\n<link rel=\"canonical\" href=\"https:\/\/prclawton.com\/es\/servicios\/educacion-y-apoyo\/\" \/>\n<meta property=\"og:locale\" content=\"es_ES\" \/>\n<meta property=\"og:type\" content=\"article\" \/>\n<meta property=\"og:title\" content=\"Educaci\u00f3n y Apoyo - PRC of Southwest, OK\" \/>\n<meta property=\"og:description\" content=\"Read more about Educaci\u00f3n y Apoyo in this page. PRC of Southwest, OK offers free pregnancy services in Lawton, OK.\" \/>\n<meta property=\"og:url\" content=\"https:\/\/prclawton.com\/es\/servicios\/educacion-y-apoyo\/\" \/>\n<meta property=\"og:site_name\" content=\"PRC of Southwest, OK\" \/>\n<meta property=\"article:modified_time\" content=\"2024-05-09T15:30:17+00:00\" \/>\n<meta name=\"twitter:card\" content=\"summary_large_image\" \/>\n<meta name=\"twitter:label1\" content=\"Est. reading time\" \/>\n\t<meta name=\"twitter:data1\" content=\"2 minutos\" \/>\n<!-- \/ Yoast SEO plugin. -->","yoast_head_json":{"title":"Educaci\u00f3n y Apoyo - PRC of Southwest, OK","description":"Read more about Educaci\u00f3n y Apoyo in this page. PRC of Southwest, OK offers free pregnancy services in Lawton, OK.","robots":{"index":"index","follow":"follow","max-snippet":"max-snippet:-1","max-image-preview":"max-image-preview:large","max-video-preview":"max-video-preview:-1"},"canonical":"https:\/\/prclawton.com\/es\/servicios\/educacion-y-apoyo\/","og_locale":"es_ES","og_type":"article","og_title":"Educaci\u00f3n y Apoyo - PRC of Southwest, OK","og_description":"Read more about Educaci\u00f3n y Apoyo in this page. PRC of Southwest, OK offers free pregnancy services in Lawton, OK.","og_url":"https:\/\/prclawton.com\/es\/servicios\/educacion-y-apoyo\/","og_site_name":"PRC of Southwest, OK","article_modified_time":"2024-05-09T15:30:17+00:00","twitter_card":"summary_large_image","twitter_misc":{"Est. reading time":"2 minutos"},"schema":{"@context":"https:\/\/schema.org","@graph":[{"@type":"WebPage","@id":"https:\/\/prclawton.com\/es\/servicios\/educacion-y-apoyo\/","url":"https:\/\/prclawton.com\/es\/servicios\/educacion-y-apoyo\/","name":"Educaci\u00f3n y Apoyo - PRC of Southwest, OK","isPartOf":{"@id":"https:\/\/prclawton.com\/es\/#website"},"datePublished":"2023-03-17T07:13:23+00:00","dateModified":"2024-05-09T15:30:17+00:00","description":"Read more about Educaci\u00f3n y Apoyo in this page. PRC of Southwest, OK offers free pregnancy services in Lawton, OK.","breadcrumb":{"@id":"https:\/\/prclawton.com\/es\/servicios\/educacion-y-apoyo\/#breadcrumb"},"inLanguage":"es","potentialAction":[{"@type":"ReadAction","target":["https:\/\/prclawton.com\/es\/servicios\/educacion-y-apoyo\/"]}]},{"@type":"BreadcrumbList","@id":"https:\/\/prclawton.com\/es\/servicios\/educacion-y-apoyo\/#breadcrumb","itemListElement":[{"@type":"ListItem","position":1,"name":"Home","item":"https:\/\/prclawton.com\/es\/"},{"@type":"ListItem","position":2,"name":"Servicios","item":"https:\/\/prclawton.com\/es\/servicios\/"},{"@type":"ListItem","position":3,"name":"Educaci\u00f3n y Apoyo"}]},{"@type":"WebSite","@id":"https:\/\/prclawton.com\/es\/#website","url":"https:\/\/prclawton.com\/es\/","name":"PRC of Southwest, OK","description":"","potentialAction":[{"@type":"SearchAction","target":{"@type":"EntryPoint","urlTemplate":"https:\/\/prclawton.com\/es\/?s={search_term_string}"},"query-input":{"@type":"PropertyValueSpecification","valueRequired":true,"valueName":"search_term_string"}}],"inLanguage":"es"}]}},"_links":{"self":[{"href":"https:\/\/prclawton.com\/es\/wp-json\/wp\/v2\/pages\/933","targetHints":{"allow":["GET"]}}],"collection":[{"href":"https:\/\/prclawton.com\/es\/wp-json\/wp\/v2\/pages"}],"about":[{"href":"https:\/\/prclawton.com\/es\/wp-json\/wp\/v2\/types\/page"}],"author":[{"embeddable":true,"href":"https:\/\/prclawton.com\/es\/wp-json\/wp\/v2\/users\/5"}],"replies":[{"embeddable":true,"href":"https:\/\/prclawton.com\/es\/wp-json\/wp\/v2\/comments?post=933"}],"version-history":[{"count":1,"href":"https:\/\/prclawton.com\/es\/wp-json\/wp\/v2\/pages\/933\/revisions"}],"predecessor-version":[{"id":943,"href":"https:\/\/prclawton.com\/es\/wp-json\/wp\/v2\/pages\/933\/revisions\/943"}],"up":[{"embeddable":true,"href":"https:\/\/prclawton.com\/es\/wp-json\/wp\/v2\/pages\/939"}],"wp:attachment":[{"href":"https:\/\/prclawton.com\/es\/wp-json\/wp\/v2\/media?parent=933"}],"wp:term":[{"taxonomy":"folder","embeddable":true,"href":"https:\/\/prclawton.com\/es\/wp-json\/wp\/v2\/folder?post=933"}],"curies":[{"name":"wp","href":"https:\/\/api.w.org\/{rel}","templated":true}]}}