{"id":931,"date":"2017-07-07T20:00:12","date_gmt":"2017-07-08T01:00:12","guid":{"rendered":"https:\/\/prclawton.com\/opciones\/aborto\/"},"modified":"2024-09-04T05:46:32","modified_gmt":"2024-09-04T10:46:32","slug":"aborto","status":"publish","type":"page","link":"https:\/\/prclawton.com\/es\/opciones\/aborto\/","title":{"rendered":"Aborto"},"content":{"rendered":"<h2>\u00bfEst\u00e1s pensando en abortar?<\/h2>\n<p>  \u00bfTe invadi\u00f3 una sensaci\u00f3n de asco cuando descubriste tu embarazo no planificado? Tal vez te sorprendi\u00f3 o incluso te asust\u00f3. Puedes pensar que la \u00fanica soluci\u00f3n para volver a la &#8220;normalidad&#8221; es el aborto. Tanto si eliges el aborto como otra opci\u00f3n, este embarazo siempre formar\u00e1 parte de la historia de tu vida. Inf\u00f3rmate todo lo posible antes de tomar una decisi\u00f3n.  <\/p>\n<h2>Lo que debes saber sobre el aborto<\/h2>\n<p>  Hay dos tipos de aborto, el m\u00e9dico y el quir\u00fargico. Actualmente, <a href=\"https:\/\/www.oag.ok.gov\/articles\/attorney-general-o%E2%80%99connor-releases-guidance-law-enforcement-after-newest-abortion-law-takes#:~:text=%C2%A7%201%2D731.4).,in%20performing%20abortions%20in%20Oklahoma.\" target=\"_blank\" rel=\"noopener nofollow external noreferrer\" data-wpel-link=\"external\">la ley de Oklahoma<\/a> proh\u00edbe el aborto en el estado. Sin embargo, si decides seguir esta opci\u00f3n, queremos que est\u00e9s informada sobre los procedimientos, los efectos secundarios y los riesgos potenciales.  <\/p>\n<h3>La p\u00edldora abortiva (aborto m\u00e9dico)<\/h3>\n<p>  El m\u00e9todo de la p\u00edldora abortiva es un aborto m\u00e9dico que utiliza dos f\u00e1rmacos para interrumpir el embarazo. El primer f\u00e1rmaco, la mifepristona, impide que la hormona del embarazo, la progesterona, llegue al \u00fatero. El embarazo no puede sobrevivir sin esta hormona vital. El segundo f\u00e1rmaco, el misoprostol, provoca contracciones para expulsar el embarazo del cuerpo a trav\u00e9s de la vagina. La <a href=\"https:\/\/www.fda.gov\/drugs\/postmarket-drug-safety-information-patients-and-providers\/information-about-mifepristone-medical-termination-pregnancy-through-ten-weeks-gestation\" target=\"_blank\" rel=\"noopener nofollow external noreferrer\" data-wpel-link=\"external\">FDA<\/a> ha aprobado el uso de la p\u00edldora abortiva para interrumpir un embarazo s\u00f3lo hasta las diez semanas de gestaci\u00f3n (70 d\u00edas o menos desde el primer d\u00eda del \u00faltimo periodo menstrual de la paciente). Recomendamos una <a href=\"https:\/\/prclawton.com\/services\/limited-ultrasounds\/\" target=\"_blank\" rel=\"noopener nofollow external noreferrer\" data-wpel-link=\"external\">ecograf\u00eda<\/a> para obtener una fecha exacta de la duraci\u00f3n de tu embarazo. Hay <a href=\"https:\/\/www.mayoclinic.org\/tests-procedures\/medical-abortion\/about\/pac-20394687\" target=\"_blank\" rel=\"noopener nofollow external noreferrer\" data-wpel-link=\"external\">efectos secundarios y riesgos<\/a> que debes conocer antes de tomar la p\u00edldora abortiva.  <\/p>\n<h4>Efectos secundarios:<\/h4>\n<ul>\n<li style=\"font-weight: 400;\" aria-level=\"1\"><span style=\"font-weight: 400;\">N\u00e1useas<\/span><\/li>\n<li style=\"font-weight: 400;\" aria-level=\"1\"><span style=\"font-weight: 400;\">V\u00f3mitos<\/span><\/li>\n<li style=\"font-weight: 400;\" aria-level=\"1\"><span style=\"font-weight: 400;\">Fiebre<\/span><\/li>\n<li style=\"font-weight: 400;\" aria-level=\"1\"><span style=\"font-weight: 400;\">Escalofr\u00edos<\/span><\/li>\n<li style=\"font-weight: 400;\" aria-level=\"1\"><span style=\"font-weight: 400;\">Diarrea<\/span><\/li>\n<li style=\"font-weight: 400;\" aria-level=\"1\"><span style=\"font-weight: 400;\">Dolor de cabeza<\/span><\/li>\n<\/ul>\n<h4>Riesgos potenciales:<\/h4>\n<ul>\n<li>Aborto incompleto, que puede tener que ir seguido de un aborto quir\u00fargico<\/li>\n<li>Un embarazo en curso si el procedimiento no funciona<\/li>\n<li>Hemorragia intensa y prolongada<\/li>\n<li>Infecci\u00f3n<\/li>\n<li>Fiebre<\/li>\n<li>Molestias del aparato digestivo<\/li>\n<\/ul>\n<p>  La <a href=\"https:\/\/www.fda.gov\/drugs\/postmarket-drug-safety-information-patients-and-providers\/information-about-mifepristone-medical-termination-pregnancy-through-ten-weeks-gestation\" target=\"_blank\" rel=\"noopener nofollow external noreferrer\" data-wpel-link=\"external\">FDA<\/a> no recomienda comprar mifepristona por Internet porque estos medicamentos no estar\u00edan sujetos a las normas de seguridad.  <\/p>\n<h3>Aborto quir\u00fargico<\/h3>\n<p>  Como los abortos quir\u00fargicos son m\u00e1s invasivos, se realizan en una cl\u00ednica. Dependiendo de lo avanzado que est\u00e9 tu embarazo, se determina el tipo de intervenci\u00f3n quir\u00fargica que te har\u00e1n. El procedimiento de aborto quir\u00fargico m\u00e1s habitual es el m\u00e9todo de aspiraci\u00f3n al vac\u00edo, que utiliza un aspirador para succionar el embarazo fuera de tu cuerpo. Otro procedimiento abortivo es el legrado uterino. Este m\u00e9todo utiliza una cureta afilada en forma de cuchara para raspar el revestimiento de tu \u00fatero. Si tu embarazo est\u00e1 m\u00e1s avanzado, el m\u00e9dico realiza una D y E (dilataci\u00f3n y evacuaci\u00f3n) utilizando f\u00f3rceps para extraer partes individuales del embarazo. Todos los procedimientos de aborto quir\u00fargico tienen <a href=\"https:\/\/americanpregnancy.org\/wp-content\/uploads\/2013\/03\/surgicalabortion.pdf\" target=\"_blank\" rel=\"noopener nofollow external noreferrer\" data-wpel-link=\"external\">efectos secundarios<\/a> y <a href=\"https:\/\/www.mayoclinic.org\/tests-procedures\/dilation-and-curettage\/about\/pac-20384910\" target=\"_blank\" rel=\"noopener nofollow external noreferrer\" data-wpel-link=\"external\">riesgos<\/a>.  <\/p>\n<h4>Efectos secundarios:<\/h4>\n<ul>\n<li style=\"font-weight: 400;\" aria-level=\"1\"><span style=\"font-weight: 400;\">Sangrado  <\/span><\/li>\n<li style=\"font-weight: 400;\" aria-level=\"1\"><span style=\"font-weight: 400;\">Calambres  <\/span><\/li>\n<li style=\"font-weight: 400;\" aria-level=\"1\"><span style=\"font-weight: 400;\">N\u00e1useas y v\u00f3mitos<\/span><\/li>\n<li style=\"font-weight: 400;\" aria-level=\"1\"><span style=\"font-weight: 400;\">Sudando<\/span><\/li>\n<li style=\"font-weight: 400;\" aria-level=\"1\"><span style=\"font-weight: 400;\">Sensaci\u00f3n de desmayo<\/span><\/li>\n<\/ul>\n<h4>Riesgos potenciales:<\/h4>\n<ul>\n<li>Perforaci\u00f3n del \u00fatero<\/li>\n<li>Da\u00f1os en el cuello uterino<\/li>\n<li>Tejido cicatricial en la pared uterina<\/li>\n<li>Infecci\u00f3n<\/li>\n<\/ul>\n<p>  Todo procedimiento m\u00e9dico tiene consecuencias f\u00edsicas, pero el aborto tambi\u00e9n est\u00e1 ligado a problemas de salud emocional. Los Institutos Nacionales de Salud (<a href=\"https:\/\/www.ncbi.nlm.nih.gov\/pmc\/articles\/PMC6207970\/\" target=\"_blank\" rel=\"noopener nofollow external noreferrer\" data-wpel-link=\"external\"><a href=\"https:\/\/www.ncbi.nlm.nih.gov\/pmc\/articles\/PMC6207970\/\">NIH<\/a><\/a>) afirma que &#8220;el aborto se asocia sistem\u00e1ticamente a tasas elevadas de enfermedades mentales en comparaci\u00f3n con las mujeres sin antecedentes de aborto&#8221;.  <\/p>\n<h2>Confirmaci\u00f3n de embarazo gratuita<\/h2>\n<p>  Antes de tomar cualquier decisi\u00f3n, confirma tu embarazo. Necesitas algo m\u00e1s que la falta de la regla o el resultado de una prueba de embarazo casera. Podemos proporcionarte una prueba de embarazo gratuita de calidad m\u00e9dica. Aunque ya te hayas hecho un test, confirma los resultados con uno de los nuestros. Si tu prueba de embarazo con nosotros es positiva, podemos recomendarte una ecograf\u00eda limitada gratuita. Los expertos estiman que hasta el 26% de los embarazos acaban en aborto natural, por lo que es esencial asegurarse de que tu embarazo es viable o ver si has abortado. Antes de programar un aborto, verifica tu embarazo, inf\u00f3rmate sobre los posibles efectos secundarios y riesgos, y discute todas tus dem\u00e1s opciones. \u00a1Estamos aqu\u00ed para ti!<\/p>\n","protected":false},"excerpt":{"rendered":"<p>\u00bfEst\u00e1s pensando en abortar? \u00bfTe invadi\u00f3 una sensaci\u00f3n de asco cuando descubriste tu embarazo no planificado? Tal vez te sorprendi\u00f3 &hellip; <a href=\"https:\/\/prclawton.com\/es\/opciones\/aborto\/\" data-wpel-link=\"internal\" target=\"_self\" rel=\"follow noopener noreferrer\">Continued<\/a><\/p>\n","protected":false},"author":1,"featured_media":0,"parent":926,"menu_order":1,"comment_status":"closed","ping_status":"closed","template":"","meta":{"_acf_changed":false,"footnotes":""},"folder":[],"class_list":["post-931","page","type-page","status-publish","hentry"],"acf":[],"yoast_head":"<!-- This site is optimized with the Yoast SEO plugin v27.4 - https:\/\/yoast.com\/product\/yoast-seo-wordpress\/ -->\n<title>Aborto en Lawton, OK - PRC of Southwest, OK<\/title>\n<meta name=\"description\" content=\"Read more about Aborto in this page. PRC of Southwest, OK offers free pregnancy services in Lawton, OK.\" \/>\n<meta name=\"robots\" content=\"index, follow, max-snippet:-1, max-image-preview:large, max-video-preview:-1\" \/>\n<link rel=\"canonical\" href=\"https:\/\/prclawton.com\/es\/opciones\/aborto\/\" \/>\n<meta property=\"og:locale\" content=\"es_ES\" \/>\n<meta property=\"og:type\" content=\"article\" \/>\n<meta property=\"og:title\" content=\"Aborto en Lawton, OK - PRC of Southwest, OK\" \/>\n<meta property=\"og:description\" content=\"Read more about Aborto in this page. PRC of Southwest, OK offers free pregnancy services in Lawton, OK.\" \/>\n<meta property=\"og:url\" content=\"https:\/\/prclawton.com\/es\/opciones\/aborto\/\" \/>\n<meta property=\"og:site_name\" content=\"PRC of Southwest, OK\" \/>\n<meta property=\"article:modified_time\" content=\"2024-09-04T10:46:32+00:00\" \/>\n<meta name=\"twitter:card\" content=\"summary_large_image\" \/>\n<meta name=\"twitter:label1\" content=\"Est. reading time\" \/>\n\t<meta name=\"twitter:data1\" content=\"3 minutos\" \/>\n<!-- \/ Yoast SEO plugin. -->","yoast_head_json":{"title":"Aborto en Lawton, OK - PRC of Southwest, OK","description":"Read more about Aborto in this page. PRC of Southwest, OK offers free pregnancy services in Lawton, OK.","robots":{"index":"index","follow":"follow","max-snippet":"max-snippet:-1","max-image-preview":"max-image-preview:large","max-video-preview":"max-video-preview:-1"},"canonical":"https:\/\/prclawton.com\/es\/opciones\/aborto\/","og_locale":"es_ES","og_type":"article","og_title":"Aborto en Lawton, OK - PRC of Southwest, OK","og_description":"Read more about Aborto in this page. PRC of Southwest, OK offers free pregnancy services in Lawton, OK.","og_url":"https:\/\/prclawton.com\/es\/opciones\/aborto\/","og_site_name":"PRC of Southwest, OK","article_modified_time":"2024-09-04T10:46:32+00:00","twitter_card":"summary_large_image","twitter_misc":{"Est. reading time":"3 minutos"},"schema":{"@context":"https:\/\/schema.org","@graph":[{"@type":"WebPage","@id":"https:\/\/prclawton.com\/es\/opciones\/aborto\/","url":"https:\/\/prclawton.com\/es\/opciones\/aborto\/","name":"Aborto en Lawton, OK - PRC of Southwest, OK","isPartOf":{"@id":"https:\/\/prclawton.com\/es\/#website"},"datePublished":"2017-07-08T01:00:12+00:00","dateModified":"2024-09-04T10:46:32+00:00","description":"Read more about Aborto in this page. PRC of Southwest, OK offers free pregnancy services in Lawton, OK.","breadcrumb":{"@id":"https:\/\/prclawton.com\/es\/opciones\/aborto\/#breadcrumb"},"inLanguage":"es","potentialAction":[{"@type":"ReadAction","target":["https:\/\/prclawton.com\/es\/opciones\/aborto\/"]}]},{"@type":"BreadcrumbList","@id":"https:\/\/prclawton.com\/es\/opciones\/aborto\/#breadcrumb","itemListElement":[{"@type":"ListItem","position":1,"name":"Home","item":"https:\/\/prclawton.com\/es\/"},{"@type":"ListItem","position":2,"name":"Opciones","item":"https:\/\/prclawton.com\/es\/opciones\/"},{"@type":"ListItem","position":3,"name":"Aborto"}]},{"@type":"WebSite","@id":"https:\/\/prclawton.com\/es\/#website","url":"https:\/\/prclawton.com\/es\/","name":"PRC of Southwest, OK","description":"","potentialAction":[{"@type":"SearchAction","target":{"@type":"EntryPoint","urlTemplate":"https:\/\/prclawton.com\/es\/?s={search_term_string}"},"query-input":{"@type":"PropertyValueSpecification","valueRequired":true,"valueName":"search_term_string"}}],"inLanguage":"es"}]}},"_links":{"self":[{"href":"https:\/\/prclawton.com\/es\/wp-json\/wp\/v2\/pages\/931","targetHints":{"allow":["GET"]}}],"collection":[{"href":"https:\/\/prclawton.com\/es\/wp-json\/wp\/v2\/pages"}],"about":[{"href":"https:\/\/prclawton.com\/es\/wp-json\/wp\/v2\/types\/page"}],"author":[{"embeddable":true,"href":"https:\/\/prclawton.com\/es\/wp-json\/wp\/v2\/users\/1"}],"replies":[{"embeddable":true,"href":"https:\/\/prclawton.com\/es\/wp-json\/wp\/v2\/comments?post=931"}],"version-history":[{"count":2,"href":"https:\/\/prclawton.com\/es\/wp-json\/wp\/v2\/pages\/931\/revisions"}],"predecessor-version":[{"id":1071,"href":"https:\/\/prclawton.com\/es\/wp-json\/wp\/v2\/pages\/931\/revisions\/1071"}],"up":[{"embeddable":true,"href":"https:\/\/prclawton.com\/es\/wp-json\/wp\/v2\/pages\/926"}],"wp:attachment":[{"href":"https:\/\/prclawton.com\/es\/wp-json\/wp\/v2\/media?parent=931"}],"wp:term":[{"taxonomy":"folder","embeddable":true,"href":"https:\/\/prclawton.com\/es\/wp-json\/wp\/v2\/folder?post=931"}],"curies":[{"name":"wp","href":"https:\/\/api.w.org\/{rel}","templated":true}]}}