{"id":930,"date":"2017-07-07T20:00:35","date_gmt":"2017-07-08T01:00:35","guid":{"rendered":"https:\/\/prclawton.com\/opciones\/ser-padres\/"},"modified":"2024-05-09T10:30:15","modified_gmt":"2024-05-09T15:30:15","slug":"ser-padres","status":"publish","type":"page","link":"https:\/\/prclawton.com\/es\/opciones\/ser-padres\/","title":{"rendered":"Ser padres"},"content":{"rendered":"<h2>\u00bfEst\u00e1s preparado para ser padre o madre?<\/h2>\n<p>El hecho es que nadie est\u00e1 realmente preparado para ser padre. Es un viaje \u00fanico con cada ni\u00f1o. Ser padre o madre es uno de los trabajos m\u00e1s desafiantes y gratificantes que tendr\u00e1s nunca, y tenemos los recursos para ayudarte.<\/p>\n<p>Cuando te planteas la paternidad, probablemente tengas un mill\u00f3n de preguntas. \u00bfPiensas en alguna de ellas?<\/p>\n<ul>\n<li>\u00bfMi pareja o mis padres apoyar\u00e1n mi decisi\u00f3n de ser madre?<\/li>\n<li>\u00bfD\u00f3nde vivir\u00e9?<\/li>\n<li>\u00bfPuedo seguir estudiando?<\/li>\n<li>\u00bfQui\u00e9n cuidar\u00e1 de mi beb\u00e9 mientras yo trabajo?<\/li>\n<li>\u00bfC\u00f3mo recibir\u00e9 atenci\u00f3n m\u00e9dica?<\/li>\n<li>\u00bfPuedo permitirme ser padre?<\/li>\n<\/ul>\n<p>Son preguntas leg\u00edtimas, y queremos ayudarte a resolverlas, entre otras, para determinar si la paternidad es adecuada para ti.<\/p>\n<h2>C\u00f3mo podemos ayudarte<\/h2>\n<p>Muchas mujeres deciden no ser madres porque no sienten que tengan el apoyo que necesitan. Sin embargo, hoy hay m\u00e1s recursos que nunca para las mujeres que pueden ser madres de forma independiente.<\/p>\n<h3>Educaci\u00f3n gratuita para padres<\/h3>\n<p>En el Centro de Recursos para el Embarazo, creemos que un padre preparado es un padre con \u00e9xito. Ofrecemos nuestro programa BrightCourse para situarte en un camino s\u00f3lido incluso antes de que empieces a ser padre.<\/p>\n<p>Estos cursos online son divertidos y educativos. Aprender\u00e1s sobre los siguientes temas y m\u00e1s:<\/p>\n<ul>\n<li>Atenci\u00f3n prenatal<\/li>\n<li>Infancia<\/li>\n<li>La infancia<\/li>\n<li>Ser padres<\/li>\n<li>Habilidades para la vida<\/li>\n<li>Relaciones<\/li>\n<\/ul>\n<p>Si est\u00e1s embarazada o tienes un hijo menor de 2 a\u00f1os, habla con nosotros sobre la posibilidad de unirte a nuestro programa gratuito BrightCourse.<\/p>\n<h3>Atenci\u00f3n m\u00e9dica prenatal<\/h3>\n<p>Tenemos una lista de m\u00e9dicos de referencia acreditados para compartir contigo, que te dar\u00e1n informaci\u00f3n sobre los primeros pasos de la asistencia sanitaria prenatal. Adem\u00e1s, proporcionamos 6 meses de vitaminas prenatales y derivaciones para otros cuidados m\u00e9dicos.<\/p>\n<h3>Apoyo material<\/h3>\n<p>No s\u00f3lo te ayudamos antes de que nazca tu beb\u00e9, sino tambi\u00e9n despu\u00e9s. Al inscribirte en BrightCourse, puedes beneficiarte de nuestro exclusivo programa &#8220;Gana mientras aprendes&#8221;. Por cada clase de BrightCourse que completes, ganar\u00e1s cr\u00e9ditos para comprar art\u00edculos de nuestra Tienda del Beb\u00e9.<\/p>\n<p>Utiliza tus cr\u00e9ditos para &#8220;comprar&#8221; art\u00edculos de maternidad y para beb\u00e9s, pa\u00f1ales, toallitas y art\u00edculos de primera necesidad. O ahorra tus cr\u00e9ditos para ganar una cuna y un colch\u00f3n nuevos, una trona, una silla de coche, un vigilabeb\u00e9s, un cochecito, un sacaleches y mucho m\u00e1s.<\/p>\n<p>El equipo del PRC se compromete a acompa\u00f1arte durante los dos primeros a\u00f1os de maternidad para garantizarte un comienzo s\u00f3lido. Proporcionamos pa\u00f1ales, leche maternizada y una bolsa de ropa gratis todos los meses.<\/p>\n<h2>Asistencia comunitaria<\/h2>\n<p>Los residentes y organizaciones del condado de Comanche tambi\u00e9n est\u00e1n comprometidos con tu \u00e9xito. Podemos ponerte en contacto con los recursos disponibles para ayudarte con la vivienda, el cuidado de los ni\u00f1os, las habilidades laborales y mucho m\u00e1s.<\/p>\n<p>Por favor, habla con nosotros sobre la posibilidad de ser padre. No estar\u00e1s solo. Estaremos a tu lado en todo momento. <a href=\"https:\/\/prclawton.com\/es\/contacta-con-nosotros\/\" target=\"_self\" rel=\"noopener follow noreferrer\" data-wpel-link=\"internal\">Concierta una cita<\/a> para hablar de esta opci\u00f3n.<\/p>\n","protected":false},"excerpt":{"rendered":"<p>\u00bfEst\u00e1s preparado para ser padre o madre? El hecho es que nadie est\u00e1 realmente preparado para ser padre. Es un &hellip; <a href=\"https:\/\/prclawton.com\/es\/opciones\/ser-padres\/\" data-wpel-link=\"internal\" target=\"_self\" rel=\"follow noopener noreferrer\">Continued<\/a><\/p>\n","protected":false},"author":1,"featured_media":0,"parent":926,"menu_order":3,"comment_status":"closed","ping_status":"closed","template":"","meta":{"_acf_changed":false,"footnotes":""},"folder":[],"class_list":["post-930","page","type-page","status-publish","hentry"],"acf":[],"yoast_head":"<!-- This site is optimized with the Yoast SEO plugin v27.3 - https:\/\/yoast.com\/product\/yoast-seo-wordpress\/ -->\n<title>Ser padres - PRC of Southwest, OK<\/title>\n<meta name=\"description\" content=\"Read more about Ser padres in this page. PRC of Southwest, OK offers free pregnancy services in Lawton, OK.\" \/>\n<meta name=\"robots\" content=\"index, follow, max-snippet:-1, max-image-preview:large, max-video-preview:-1\" \/>\n<link rel=\"canonical\" href=\"https:\/\/prclawton.com\/es\/opciones\/ser-padres\/\" \/>\n<meta property=\"og:locale\" content=\"es_ES\" \/>\n<meta property=\"og:type\" content=\"article\" \/>\n<meta property=\"og:title\" content=\"Ser padres - PRC of Southwest, OK\" \/>\n<meta property=\"og:description\" content=\"Read more about Ser padres in this page. PRC of Southwest, OK offers free pregnancy services in Lawton, OK.\" \/>\n<meta property=\"og:url\" content=\"https:\/\/prclawton.com\/es\/opciones\/ser-padres\/\" \/>\n<meta property=\"og:site_name\" content=\"PRC of Southwest, OK\" \/>\n<meta property=\"article:modified_time\" content=\"2024-05-09T15:30:15+00:00\" \/>\n<meta name=\"twitter:card\" content=\"summary_large_image\" \/>\n<meta name=\"twitter:label1\" content=\"Est. reading time\" \/>\n\t<meta name=\"twitter:data1\" content=\"3 minutos\" \/>\n<!-- \/ Yoast SEO plugin. -->","yoast_head_json":{"title":"Ser padres - PRC of Southwest, OK","description":"Read more about Ser padres in this page. PRC of Southwest, OK offers free pregnancy services in Lawton, OK.","robots":{"index":"index","follow":"follow","max-snippet":"max-snippet:-1","max-image-preview":"max-image-preview:large","max-video-preview":"max-video-preview:-1"},"canonical":"https:\/\/prclawton.com\/es\/opciones\/ser-padres\/","og_locale":"es_ES","og_type":"article","og_title":"Ser padres - PRC of Southwest, OK","og_description":"Read more about Ser padres in this page. PRC of Southwest, OK offers free pregnancy services in Lawton, OK.","og_url":"https:\/\/prclawton.com\/es\/opciones\/ser-padres\/","og_site_name":"PRC of Southwest, OK","article_modified_time":"2024-05-09T15:30:15+00:00","twitter_card":"summary_large_image","twitter_misc":{"Est. reading time":"3 minutos"},"schema":{"@context":"https:\/\/schema.org","@graph":[{"@type":"WebPage","@id":"https:\/\/prclawton.com\/es\/opciones\/ser-padres\/","url":"https:\/\/prclawton.com\/es\/opciones\/ser-padres\/","name":"Ser padres - PRC of Southwest, OK","isPartOf":{"@id":"https:\/\/prclawton.com\/es\/#website"},"datePublished":"2017-07-08T01:00:35+00:00","dateModified":"2024-05-09T15:30:15+00:00","description":"Read more about Ser padres in this page. PRC of Southwest, OK offers free pregnancy services in Lawton, OK.","breadcrumb":{"@id":"https:\/\/prclawton.com\/es\/opciones\/ser-padres\/#breadcrumb"},"inLanguage":"es","potentialAction":[{"@type":"ReadAction","target":["https:\/\/prclawton.com\/es\/opciones\/ser-padres\/"]}]},{"@type":"BreadcrumbList","@id":"https:\/\/prclawton.com\/es\/opciones\/ser-padres\/#breadcrumb","itemListElement":[{"@type":"ListItem","position":1,"name":"Home","item":"https:\/\/prclawton.com\/es\/"},{"@type":"ListItem","position":2,"name":"Opciones","item":"https:\/\/prclawton.com\/es\/opciones\/"},{"@type":"ListItem","position":3,"name":"Ser padres"}]},{"@type":"WebSite","@id":"https:\/\/prclawton.com\/es\/#website","url":"https:\/\/prclawton.com\/es\/","name":"PRC of Southwest, OK","description":"","potentialAction":[{"@type":"SearchAction","target":{"@type":"EntryPoint","urlTemplate":"https:\/\/prclawton.com\/es\/?s={search_term_string}"},"query-input":{"@type":"PropertyValueSpecification","valueRequired":true,"valueName":"search_term_string"}}],"inLanguage":"es"}]}},"_links":{"self":[{"href":"https:\/\/prclawton.com\/es\/wp-json\/wp\/v2\/pages\/930","targetHints":{"allow":["GET"]}}],"collection":[{"href":"https:\/\/prclawton.com\/es\/wp-json\/wp\/v2\/pages"}],"about":[{"href":"https:\/\/prclawton.com\/es\/wp-json\/wp\/v2\/types\/page"}],"author":[{"embeddable":true,"href":"https:\/\/prclawton.com\/es\/wp-json\/wp\/v2\/users\/1"}],"replies":[{"embeddable":true,"href":"https:\/\/prclawton.com\/es\/wp-json\/wp\/v2\/comments?post=930"}],"version-history":[{"count":1,"href":"https:\/\/prclawton.com\/es\/wp-json\/wp\/v2\/pages\/930\/revisions"}],"predecessor-version":[{"id":936,"href":"https:\/\/prclawton.com\/es\/wp-json\/wp\/v2\/pages\/930\/revisions\/936"}],"up":[{"embeddable":true,"href":"https:\/\/prclawton.com\/es\/wp-json\/wp\/v2\/pages\/926"}],"wp:attachment":[{"href":"https:\/\/prclawton.com\/es\/wp-json\/wp\/v2\/media?parent=930"}],"wp:term":[{"taxonomy":"folder","embeddable":true,"href":"https:\/\/prclawton.com\/es\/wp-json\/wp\/v2\/folder?post=930"}],"curies":[{"name":"wp","href":"https:\/\/api.w.org\/{rel}","templated":true}]}}