{"id":927,"date":"2017-07-07T18:06:24","date_gmt":"2017-07-07T23:06:24","guid":{"rendered":"https:\/\/prclawton.com\/inicio\/"},"modified":"2024-06-28T15:11:24","modified_gmt":"2024-06-28T20:11:24","slug":"inicio","status":"publish","type":"page","link":"https:\/\/prclawton.com\/es\/","title":{"rendered":"Inicio"},"content":{"rendered":"\t\t<div data-elementor-type=\"wp-page\" data-elementor-id=\"927\" class=\"elementor elementor-927 elementor-29\" data-elementor-post-type=\"page\">\n\t\t\t\t<div class=\"elementor-element elementor-element-32ba7f57 e-flex e-con-boxed e-con e-parent\" data-id=\"32ba7f57\" data-element_type=\"container\" data-e-type=\"container\">\n\t\t\t\t\t<div class=\"e-con-inner\">\n\t\t\t\t<div class=\"elementor-element elementor-element-31d003c0 elementor-widget elementor-widget-text-editor\" data-id=\"31d003c0\" data-element_type=\"widget\" data-e-type=\"widget\" data-widget_type=\"text-editor.default\">\n\t\t\t\t<div class=\"elementor-widget-container\">\n\t\t\t\t\t\t\t\t\t<p>No necesitas juicios ni sermones. Necesitas apoyo y aceptaci\u00f3n por lo que eres. Somos tu lugar seguro. En el Centro de Recursos para Embarazadas ofrecemos respuestas, \u00e1nimo y un o\u00eddo atento. Eres importante para nosotros. Todos nuestros servicios son gratuitos y confidenciales. Agenda una cita y hablemos.<\/p>\n\t\t\t\t\t\t\t\t<\/div>\n\t\t\t\t<\/div>\n\t\t\t\t<div class=\"elementor-element elementor-element-c15f4c8 elementor-align-center elementor-widget__width-initial elementor-widget elementor-widget-button\" data-id=\"c15f4c8\" data-element_type=\"widget\" data-e-type=\"widget\" data-widget_type=\"button.default\">\n\t\t\t\t<div class=\"elementor-widget-container\">\n\t\t\t\t\t\t\t\t\t<div class=\"elementor-button-wrapper\">\n\t\t\t\t\t<a class=\"elementor-button elementor-button-link elementor-size-sm\" href=\"https:\/\/prclawton.com\/es\/contacta-con-nosotros\/\" target=\"_self\" data-wpel-link=\"internal\" rel=\"follow noopener noreferrer\">\n\t\t\t\t\t\t<span class=\"elementor-button-content-wrapper\">\n\t\t\t\t\t\t\t\t\t<span class=\"elementor-button-text\">Agenda una cita<\/span>\n\t\t\t\t\t<\/span>\n\t\t\t\t\t<\/a>\n\t\t\t\t<\/div>\n\t\t\t\t\t\t\t\t<\/div>\n\t\t\t\t<\/div>\n\t\t\t\t\t<\/div>\n\t\t\t\t<\/div>\n\t\t\t\t<\/div>\n\t\t","protected":false},"excerpt":{"rendered":"<p>No necesitas juicios ni sermones. Necesitas apoyo y aceptaci\u00f3n por lo que eres. Somos tu lugar seguro. En el Centro &hellip; <a href=\"https:\/\/prclawton.com\/es\/\" data-wpel-link=\"internal\" target=\"_self\" rel=\"follow noopener noreferrer\">Continued<\/a><\/p>\n","protected":false},"author":1,"featured_media":889,"parent":0,"menu_order":13,"comment_status":"closed","ping_status":"closed","template":"views\/template-home.blade.php","meta":{"_acf_changed":false,"footnotes":""},"folder":[160],"class_list":["post-927","page","type-page","status-publish","has-post-thumbnail","hentry"],"acf":[],"yoast_head":"<!-- This site is optimized with the Yoast SEO plugin v27.3 - https:\/\/yoast.com\/product\/yoast-seo-wordpress\/ -->\n<title>PRC of Southwest, OK - Centro de Recursos para el Embarazo en Lawton, OK<\/title>\n<meta name=\"description\" content=\"PRC of Southwest, OK ofrece servicios de embarazo gratuitos en Lawton, OK. Ponte en contacto con nosotros hoy mismo para saber m\u00e1s sobre nuestros servicios.\" \/>\n<meta name=\"robots\" content=\"index, follow, max-snippet:-1, max-image-preview:large, max-video-preview:-1\" \/>\n<link rel=\"canonical\" href=\"https:\/\/prclawton.com\/es\/\" \/>\n<meta property=\"og:locale\" content=\"es_ES\" \/>\n<meta property=\"og:type\" content=\"article\" \/>\n<meta property=\"og:title\" content=\"PRC of Southwest, OK - Centro de Recursos para el Embarazo en Lawton, OK\" \/>\n<meta property=\"og:description\" content=\"PRC of Southwest, OK ofrece servicios de embarazo gratuitos en Lawton, OK. Ponte en contacto con nosotros hoy mismo para saber m\u00e1s sobre nuestros servicios.\" \/>\n<meta property=\"og:url\" content=\"https:\/\/prclawton.com\/es\/\" \/>\n<meta property=\"og:site_name\" content=\"PRC of Southwest, OK\" \/>\n<meta property=\"article:modified_time\" content=\"2024-06-28T20:11:24+00:00\" \/>\n<meta property=\"og:image\" content=\"https:\/\/prclawton.com\/wp-content\/uploads\/2023\/04\/shutterstock_2056761494-scaled-1-e1680020113369-1536x1138-1.webp\" \/>\n\t<meta property=\"og:image:width\" content=\"1536\" \/>\n\t<meta property=\"og:image:height\" content=\"1138\" \/>\n\t<meta property=\"og:image:type\" content=\"image\/webp\" \/>\n<meta name=\"twitter:card\" content=\"summary_large_image\" \/>\n<meta name=\"twitter:label1\" content=\"Est. reading time\" \/>\n\t<meta name=\"twitter:data1\" content=\"1 minuto\" \/>\n<!-- \/ Yoast SEO plugin. -->","yoast_head_json":{"title":"PRC of Southwest, OK - Centro de Recursos para el Embarazo en Lawton, OK","description":"PRC of Southwest, OK ofrece servicios de embarazo gratuitos en Lawton, OK. Ponte en contacto con nosotros hoy mismo para saber m\u00e1s sobre nuestros servicios.","robots":{"index":"index","follow":"follow","max-snippet":"max-snippet:-1","max-image-preview":"max-image-preview:large","max-video-preview":"max-video-preview:-1"},"canonical":"https:\/\/prclawton.com\/es\/","og_locale":"es_ES","og_type":"article","og_title":"PRC of Southwest, OK - Centro de Recursos para el Embarazo en Lawton, OK","og_description":"PRC of Southwest, OK ofrece servicios de embarazo gratuitos en Lawton, OK. Ponte en contacto con nosotros hoy mismo para saber m\u00e1s sobre nuestros servicios.","og_url":"https:\/\/prclawton.com\/es\/","og_site_name":"PRC of Southwest, OK","article_modified_time":"2024-06-28T20:11:24+00:00","og_image":[{"width":1536,"height":1138,"url":"https:\/\/prclawton.com\/wp-content\/uploads\/2023\/04\/shutterstock_2056761494-scaled-1-e1680020113369-1536x1138-1.webp","type":"image\/webp"}],"twitter_card":"summary_large_image","twitter_misc":{"Est. reading time":"1 minuto"},"schema":{"@context":"https:\/\/schema.org","@graph":[{"@type":"WebPage","@id":"https:\/\/prclawton.com\/es\/","url":"https:\/\/prclawton.com\/es\/","name":"PRC of Southwest, OK - Centro de Recursos para el Embarazo en Lawton, OK","isPartOf":{"@id":"https:\/\/prclawton.com\/es\/#website"},"primaryImageOfPage":{"@id":"https:\/\/prclawton.com\/es\/#primaryimage"},"image":{"@id":"https:\/\/prclawton.com\/es\/#primaryimage"},"thumbnailUrl":"https:\/\/prclawton.com\/wp-content\/uploads\/2023\/04\/shutterstock_2056761494-scaled-1-e1680020113369-1536x1138-1.webp","datePublished":"2017-07-07T23:06:24+00:00","dateModified":"2024-06-28T20:11:24+00:00","description":"PRC of Southwest, OK ofrece servicios de embarazo gratuitos en Lawton, OK. Ponte en contacto con nosotros hoy mismo para saber m\u00e1s sobre nuestros servicios.","breadcrumb":{"@id":"https:\/\/prclawton.com\/es\/#breadcrumb"},"inLanguage":"es","potentialAction":[{"@type":"ReadAction","target":["https:\/\/prclawton.com\/es\/"]}]},{"@type":"ImageObject","inLanguage":"es","@id":"https:\/\/prclawton.com\/es\/#primaryimage","url":"https:\/\/prclawton.com\/wp-content\/uploads\/2023\/04\/shutterstock_2056761494-scaled-1-e1680020113369-1536x1138-1.webp","contentUrl":"https:\/\/prclawton.com\/wp-content\/uploads\/2023\/04\/shutterstock_2056761494-scaled-1-e1680020113369-1536x1138-1.webp","width":1536,"height":1138,"caption":"the Signs of an Incomplete Abortion"},{"@type":"BreadcrumbList","@id":"https:\/\/prclawton.com\/es\/#breadcrumb","itemListElement":[{"@type":"ListItem","position":1,"name":"Home","item":"https:\/\/prclawton.com\/es\/"},{"@type":"ListItem","position":2,"name":"Inicio"}]},{"@type":"WebSite","@id":"https:\/\/prclawton.com\/es\/#website","url":"https:\/\/prclawton.com\/es\/","name":"PRC of Southwest, OK","description":"","potentialAction":[{"@type":"SearchAction","target":{"@type":"EntryPoint","urlTemplate":"https:\/\/prclawton.com\/es\/?s={search_term_string}"},"query-input":{"@type":"PropertyValueSpecification","valueRequired":true,"valueName":"search_term_string"}}],"inLanguage":"es"}]}},"_links":{"self":[{"href":"https:\/\/prclawton.com\/es\/wp-json\/wp\/v2\/pages\/927","targetHints":{"allow":["GET"]}}],"collection":[{"href":"https:\/\/prclawton.com\/es\/wp-json\/wp\/v2\/pages"}],"about":[{"href":"https:\/\/prclawton.com\/es\/wp-json\/wp\/v2\/types\/page"}],"author":[{"embeddable":true,"href":"https:\/\/prclawton.com\/es\/wp-json\/wp\/v2\/users\/1"}],"replies":[{"embeddable":true,"href":"https:\/\/prclawton.com\/es\/wp-json\/wp\/v2\/comments?post=927"}],"version-history":[{"count":5,"href":"https:\/\/prclawton.com\/es\/wp-json\/wp\/v2\/pages\/927\/revisions"}],"predecessor-version":[{"id":1039,"href":"https:\/\/prclawton.com\/es\/wp-json\/wp\/v2\/pages\/927\/revisions\/1039"}],"wp:featuredmedia":[{"embeddable":true,"href":"https:\/\/prclawton.com\/es\/wp-json\/wp\/v2\/media\/889"}],"wp:attachment":[{"href":"https:\/\/prclawton.com\/es\/wp-json\/wp\/v2\/media?parent=927"}],"wp:term":[{"taxonomy":"folder","embeddable":true,"href":"https:\/\/prclawton.com\/es\/wp-json\/wp\/v2\/folder?post=927"}],"curies":[{"name":"wp","href":"https:\/\/api.w.org\/{rel}","templated":true}]}}