{"id":1080,"date":"2024-09-19T08:39:27","date_gmt":"2024-09-19T13:39:27","guid":{"rendered":"https:\/\/prclawton.com\/unidad-movil\/"},"modified":"2026-03-29T22:02:42","modified_gmt":"2026-03-30T03:02:42","slug":"unidad-movil","status":"publish","type":"page","link":"https:\/\/prclawton.com\/es\/unidad-movil\/","title":{"rendered":"Unidad m\u00f3vil"},"content":{"rendered":"\r\n<h2 class=\"is-layout-flex wp-block-buttons-is-layout-flex\">\u00a1Vamos hacia ti!<\/h2>\r\n<p>En el Centro de Recursos para el Embarazo, creemos que toda mujer merece tener acceso a unos servicios para el embarazo compasivos y de alta calidad, est\u00e9 donde est\u00e9. Por eso estamos orgullosos de ofrecer nuestra Unidad M\u00e9dica M\u00f3vil.   <\/p>\r\n<p>Llevamos la atenci\u00f3n y el apoyo esenciales directamente a Lawton y sus alrededores. Recibir\u00e1s la misma atenci\u00f3n excepcional de siempre.   <\/p>\r\n<h2>Servicios de embarazo gratuitos<\/h2>\r\n<p>Entendemos que el transporte, las agendas apretadas y otros retos pueden dificultar el acceso a la atenci\u00f3n m\u00e9dica. Nuestra Unidad M\u00e9dica M\u00f3vil ayuda a eliminar esas barreras desplaz\u00e1ndose a distintos lugares, lo que facilita que las mujeres reciban el apoyo que necesitan cerca de casa. <\/p>\r\n<p>En el Centro de Recursos sobre el Embarazo creemos que ninguna mujer debe enfrentarse sola a la posibilidad de un embarazo no planificado. Tanto si no est\u00e1s segura de cu\u00e1les son tus pr\u00f3ximos pasos como si s\u00f3lo necesitas un lugar seguro donde hablar, nuestra unidad m\u00f3vil est\u00e1 aqu\u00ed para prestar servicios gratuitos y confidenciales sobre el embarazo. <\/p>\r\n<p>Nuestra Unidad M\u00e9dica M\u00f3vil proporciona:<\/p>\r\n<ul>\r\n<li aria-level=\"1\"><strong>Pruebas de embarazo de calidad m\u00e9dica<\/strong><br>Una enfermera supervisa la prueba de embarazo para garantizar la exactitud de los resultados. Puedes optar a una ecograf\u00eda obst\u00e9trica limitada gratuita si tu prueba es positiva. <\/li>\r\n<\/ul>\r\n<ul>\r\n<li aria-level=\"1\"><strong>Ecograf\u00eda obst\u00e9trica limitada<\/strong><br>Una ecograf\u00eda confirma si tu embarazo es viable (se est\u00e1 desarrollando) o si has tenido un aborto espont\u00e1neo. Tambi\u00e9n determina lo avanzado que est\u00e1s y la localizaci\u00f3n del embarazo (para descartar un <a href=\"https:\/\/my.clevelandclinic.org\/health\/diseases\/9687-ectopic-pregnancy\" target=\"_blank\" rel=\"noopener nofollow external noreferrer\" data-wpel-link=\"external\">embarazo ect\u00f3pico<\/a>). <\/li>\r\n<\/ul>\r\n<ul>\r\n<li aria-level=\"1\"><strong>Educaci\u00f3n y apoyo durante el embarazo<\/strong><br>Algunas mujeres experimentan los s\u00edntomas del embarazo inmediatamente, mientras que otras no sienten nada durante semanas o meses. Es vital saber qu\u00e9 esperar. Tambi\u00e9n proporcionamos seis meses de vitaminas prenatales gratuitas.  <\/li>\r\n<\/ul>\r\n<h2>Un espacio seguro<\/h2>\r\n<p>El embarazo -especialmente uno inesperado- puede conllevar muchas emociones e incertidumbres. Al igual que nuestro Centro, nuestra Unidad M\u00e9dica M\u00f3vil es un lugar seguro para compartir tus preocupaciones y hacer preguntas.   <\/p>\r\n<p>Si no est\u00e1s segura de los pasos que debes dar una vez confirmado el embarazo, podemos hablar de tu situaci\u00f3n y tus opciones. Estamos aqu\u00ed para ayudarte a avanzar con confianza. <\/p>\r\n<h2>Busca nuestra unidad m\u00f3vil cerca de ti<\/h2>\r\n<p>Ponte en contacto con el Centro de Recursos para Embarazadas para saber <a href=\"https:\/\/prclawton.com\/es\/contacta-con-nosotros\/\" data-wpel-link=\"internal\" target=\"_self\" rel=\"follow noopener noreferrer\">cu\u00e1ndo y d\u00f3nde<\/a> estar\u00e1 cerca de ti nuestra Unidad M\u00e9dica M\u00f3vil. Llama al (580) 536-4040 o env\u00eda un mensaje de texto al (405) 362-6008.   <\/p>\r\n<p>No est\u00e1s solo. Estamos aqu\u00ed para ayudarte, est\u00e9s donde est\u00e9s. <\/p>\r\n<\/div>\r\n<div> <\/div>\r\n","protected":false},"excerpt":{"rendered":"","protected":false},"author":1,"featured_media":0,"parent":0,"menu_order":0,"comment_status":"closed","ping_status":"closed","template":"","meta":{"_acf_changed":false,"footnotes":""},"folder":[],"class_list":["post-1080","page","type-page","status-publish","hentry"],"acf":[],"yoast_head":"<!-- This site is optimized with the Yoast SEO plugin v27.3 - https:\/\/yoast.com\/product\/yoast-seo-wordpress\/ -->\n<title>Unidad m\u00f3vil - PRC of Southwest, OK<\/title>\n<meta name=\"description\" content=\"Lee m\u00e1s sobre nuestras unidades m\u00f3viles en esta p\u00e1gina. PRC of Southwest, OK ofrece servicios de embarazo gratuitos en Lawton, OK.\" \/>\n<meta name=\"robots\" content=\"index, follow, max-snippet:-1, max-image-preview:large, max-video-preview:-1\" \/>\n<link rel=\"canonical\" href=\"https:\/\/prclawton.com\/es\/unidad-movil\/\" \/>\n<meta property=\"og:locale\" content=\"es_ES\" \/>\n<meta property=\"og:type\" content=\"article\" \/>\n<meta property=\"og:title\" content=\"Unidad m\u00f3vil - PRC of Southwest, OK\" \/>\n<meta property=\"og:description\" content=\"Lee m\u00e1s sobre nuestras unidades m\u00f3viles en esta p\u00e1gina. PRC of Southwest, OK ofrece servicios de embarazo gratuitos en Lawton, OK.\" \/>\n<meta property=\"og:url\" content=\"https:\/\/prclawton.com\/es\/unidad-movil\/\" \/>\n<meta property=\"og:site_name\" content=\"PRC of Southwest, OK\" \/>\n<meta property=\"article:modified_time\" content=\"2026-03-30T03:02:42+00:00\" \/>\n<meta name=\"twitter:card\" content=\"summary_large_image\" \/>\n<meta name=\"twitter:label1\" content=\"Est. reading time\" \/>\n\t<meta name=\"twitter:data1\" content=\"2 minutos\" \/>\n<!-- \/ Yoast SEO plugin. -->","yoast_head_json":{"title":"Unidad m\u00f3vil - PRC of Southwest, OK","description":"Lee m\u00e1s sobre nuestras unidades m\u00f3viles en esta p\u00e1gina. PRC of Southwest, OK ofrece servicios de embarazo gratuitos en Lawton, OK.","robots":{"index":"index","follow":"follow","max-snippet":"max-snippet:-1","max-image-preview":"max-image-preview:large","max-video-preview":"max-video-preview:-1"},"canonical":"https:\/\/prclawton.com\/es\/unidad-movil\/","og_locale":"es_ES","og_type":"article","og_title":"Unidad m\u00f3vil - PRC of Southwest, OK","og_description":"Lee m\u00e1s sobre nuestras unidades m\u00f3viles en esta p\u00e1gina. PRC of Southwest, OK ofrece servicios de embarazo gratuitos en Lawton, OK.","og_url":"https:\/\/prclawton.com\/es\/unidad-movil\/","og_site_name":"PRC of Southwest, OK","article_modified_time":"2026-03-30T03:02:42+00:00","twitter_card":"summary_large_image","twitter_misc":{"Est. reading time":"2 minutos"},"schema":{"@context":"https:\/\/schema.org","@graph":[{"@type":"WebPage","@id":"https:\/\/prclawton.com\/es\/unidad-movil\/","url":"https:\/\/prclawton.com\/es\/unidad-movil\/","name":"Unidad m\u00f3vil - PRC of Southwest, OK","isPartOf":{"@id":"https:\/\/prclawton.com\/es\/#website"},"datePublished":"2024-09-19T13:39:27+00:00","dateModified":"2026-03-30T03:02:42+00:00","description":"Lee m\u00e1s sobre nuestras unidades m\u00f3viles en esta p\u00e1gina. PRC of Southwest, OK ofrece servicios de embarazo gratuitos en Lawton, OK.","breadcrumb":{"@id":"https:\/\/prclawton.com\/es\/unidad-movil\/#breadcrumb"},"inLanguage":"es","potentialAction":[{"@type":"ReadAction","target":["https:\/\/prclawton.com\/es\/unidad-movil\/"]}]},{"@type":"BreadcrumbList","@id":"https:\/\/prclawton.com\/es\/unidad-movil\/#breadcrumb","itemListElement":[{"@type":"ListItem","position":1,"name":"Home","item":"https:\/\/prclawton.com\/es\/"},{"@type":"ListItem","position":2,"name":"Unidad m\u00f3vil"}]},{"@type":"WebSite","@id":"https:\/\/prclawton.com\/es\/#website","url":"https:\/\/prclawton.com\/es\/","name":"PRC of Southwest, OK","description":"","potentialAction":[{"@type":"SearchAction","target":{"@type":"EntryPoint","urlTemplate":"https:\/\/prclawton.com\/es\/?s={search_term_string}"},"query-input":{"@type":"PropertyValueSpecification","valueRequired":true,"valueName":"search_term_string"}}],"inLanguage":"es"}]}},"_links":{"self":[{"href":"https:\/\/prclawton.com\/es\/wp-json\/wp\/v2\/pages\/1080","targetHints":{"allow":["GET"]}}],"collection":[{"href":"https:\/\/prclawton.com\/es\/wp-json\/wp\/v2\/pages"}],"about":[{"href":"https:\/\/prclawton.com\/es\/wp-json\/wp\/v2\/types\/page"}],"author":[{"embeddable":true,"href":"https:\/\/prclawton.com\/es\/wp-json\/wp\/v2\/users\/1"}],"replies":[{"embeddable":true,"href":"https:\/\/prclawton.com\/es\/wp-json\/wp\/v2\/comments?post=1080"}],"version-history":[{"count":4,"href":"https:\/\/prclawton.com\/es\/wp-json\/wp\/v2\/pages\/1080\/revisions"}],"predecessor-version":[{"id":1306,"href":"https:\/\/prclawton.com\/es\/wp-json\/wp\/v2\/pages\/1080\/revisions\/1306"}],"wp:attachment":[{"href":"https:\/\/prclawton.com\/es\/wp-json\/wp\/v2\/media?parent=1080"}],"wp:term":[{"taxonomy":"folder","embeddable":true,"href":"https:\/\/prclawton.com\/es\/wp-json\/wp\/v2\/folder?post=1080"}],"curies":[{"name":"wp","href":"https:\/\/api.w.org\/{rel}","templated":true}]}}